{"id":9532,"date":"2024-01-22T11:15:18","date_gmt":"2024-01-22T11:15:18","guid":{"rendered":"https:\/\/exkalsa.com\/?page_id=9532"},"modified":"2024-01-23T07:42:26","modified_gmt":"2024-01-23T07:42:26","slug":"hostelco-2024","status":"publish","type":"page","link":"https:\/\/exkalsa.com\/fr\/hostelco-2024\/","title":{"rendered":"Hostelco 2024"},"content":{"rendered":"\t\t<div data-elementor-type=\"wp-page\" data-elementor-id=\"9532\" class=\"elementor elementor-9532 elementor-9529\" data-elementor-post-type=\"page\">\n\t\t\t\t\t\t<section class=\"elementor-section elementor-top-section elementor-element elementor-element-7dce895 elementor-section-boxed elementor-section-height-default elementor-section-height-default\" data-id=\"7dce895\" data-element_type=\"section\" data-e-type=\"section\">\n\t\t\t\t\t\t<div class=\"elementor-container elementor-column-gap-default\">\n\t\t\t\t\t<div class=\"elementor-column elementor-col-100 elementor-top-column elementor-element elementor-element-e2c3386\" data-id=\"e2c3386\" data-element_type=\"column\" data-e-type=\"column\">\n\t\t\t<div class=\"elementor-widget-wrap elementor-element-populated\">\n\t\t\t\t\t\t<div class=\"elementor-element elementor-element-98cf930 elementor-widget elementor-widget-image\" data-id=\"98cf930\" data-element_type=\"widget\" data-e-type=\"widget\" data-widget_type=\"image.default\">\n\t\t\t\t<div class=\"elementor-widget-container\">\n\t\t\t\t\t\t\t\t\t\t\t\t\t\t\t<img fetchpriority=\"high\" decoding=\"async\" width=\"1080\" height=\"139\" src=\"https:\/\/exkalsa.com\/wp-content\/uploads\/2024\/01\/landing_hostelco.jpg\" class=\"attachment-full size-full wp-image-9536\" alt=\"Hostelco 2024\" srcset=\"https:\/\/exkalsa.com\/wp-content\/uploads\/2024\/01\/landing_hostelco.jpg 1080w, https:\/\/exkalsa.com\/wp-content\/uploads\/2024\/01\/landing_hostelco-300x39.jpg 300w, https:\/\/exkalsa.com\/wp-content\/uploads\/2024\/01\/landing_hostelco-1024x132.jpg 1024w, https:\/\/exkalsa.com\/wp-content\/uploads\/2024\/01\/landing_hostelco-768x99.jpg 768w\" sizes=\"(max-width: 1080px) 100vw, 1080px\" \/>\t\t\t\t\t\t\t\t\t\t\t\t\t\t\t<\/div>\n\t\t\t\t<\/div>\n\t\t\t\t\t<\/div>\n\t\t<\/div>\n\t\t\t\t\t<\/div>\n\t\t<\/section>\n\t\t\t\t<section class=\"elementor-section elementor-top-section elementor-element elementor-element-343ce85 elementor-section-boxed elementor-section-height-default elementor-section-height-default\" data-id=\"343ce85\" data-element_type=\"section\" data-e-type=\"section\" id=\"fila-form\" data-settings=\"{&quot;background_background&quot;:&quot;classic&quot;}\">\n\t\t\t\t\t\t\t<div class=\"elementor-background-overlay\"><\/div>\n\t\t\t\t\t\t\t<div class=\"elementor-container elementor-column-gap-default\">\n\t\t\t\t\t<div class=\"elementor-column elementor-col-100 elementor-top-column elementor-element elementor-element-fc0900c\" data-id=\"fc0900c\" data-element_type=\"column\" data-e-type=\"column\" data-settings=\"{&quot;background_background&quot;:&quot;classic&quot;}\">\n\t\t\t<div class=\"elementor-widget-wrap elementor-element-populated\">\n\t\t\t\t\t\t<div class=\"elementor-element elementor-element-b37e957 elementor-view-framed elementor-position-inline-start elementor-shape-circle elementor-mobile-position-block-start elementor-widget elementor-widget-icon-box\" data-id=\"b37e957\" data-element_type=\"widget\" data-e-type=\"widget\" data-widget_type=\"icon-box.default\">\n\t\t\t\t<div class=\"elementor-widget-container\">\n\t\t\t\t\t\t\t<div class=\"elementor-icon-box-wrapper\">\n\n\t\t\t\t\t\t<div class=\"elementor-icon-box-icon\">\n\t\t\t\t<span  class=\"elementor-icon\">\n\t\t\t\t<i aria-hidden=\"true\" class=\"fas fa-map-marker-alt\"><\/i>\t\t\t\t<\/span>\n\t\t\t<\/div>\n\t\t\t\n\t\t\t\t\t\t<div class=\"elementor-icon-box-content\">\n\n\t\t\t\t\t\t\t\t\t<h3 class=\"elementor-icon-box-title\">\n\t\t\t\t\t\t<span  >\n\t\t\t\t\t\t\tHALL 6\t\t\t\t\t\t<\/span>\n\t\t\t\t\t<\/h3>\n\t\t\t\t\n\t\t\t\t\n\t\t\t<\/div>\n\t\t\t\n\t\t<\/div>\n\t\t\t\t\t\t<\/div>\n\t\t\t\t<\/div>\n\t\t\t\t<div class=\"elementor-element elementor-element-7668cbe elementor-widget-divider--view-line elementor-widget elementor-widget-divider\" data-id=\"7668cbe\" data-element_type=\"widget\" data-e-type=\"widget\" data-widget_type=\"divider.default\">\n\t\t\t\t<div class=\"elementor-widget-container\">\n\t\t\t\t\t\t\t<div class=\"elementor-divider\">\n\t\t\t<span class=\"elementor-divider-separator\">\n\t\t\t\t\t\t<\/span>\n\t\t<\/div>\n\t\t\t\t\t\t<\/div>\n\t\t\t\t<\/div>\n\t\t\t\t<div class=\"elementor-element elementor-element-bda9cb4 elementor-widget elementor-widget-heading\" data-id=\"bda9cb4\" data-element_type=\"widget\" data-e-type=\"widget\" data-widget_type=\"heading.default\">\n\t\t\t\t<div class=\"elementor-widget-container\">\n\t\t\t\t\t<h2 class=\"elementor-heading-title elementor-size-default\">FULLY<br \/>\nEQUIPPED<\/h2>\t\t\t\t<\/div>\n\t\t\t\t<\/div>\n\t\t\t\t<div class=\"elementor-element elementor-element-76183f2 elementor-widget elementor-widget-heading\" data-id=\"76183f2\" data-element_type=\"widget\" data-e-type=\"widget\" data-widget_type=\"heading.default\">\n\t\t\t\t<div class=\"elementor-widget-container\">\n\t\t\t\t\t<h2 class=\"elementor-heading-title elementor-size-default\">\u00c9quipements, machines, accessoires<\/h2>\t\t\t\t<\/div>\n\t\t\t\t<\/div>\n\t\t\t\t\t<\/div>\n\t\t<\/div>\n\t\t\t\t\t<\/div>\n\t\t<\/section>\n\t\t\t\t<section class=\"elementor-section elementor-top-section elementor-element elementor-element-23c397e elementor-section-boxed elementor-section-height-default elementor-section-height-default\" data-id=\"23c397e\" data-element_type=\"section\" data-e-type=\"section\">\n\t\t\t\t\t\t<div class=\"elementor-container elementor-column-gap-default\">\n\t\t\t\t\t<div class=\"elementor-column elementor-col-100 elementor-top-column elementor-element elementor-element-604030b\" data-id=\"604030b\" data-element_type=\"column\" data-e-type=\"column\">\n\t\t\t<div class=\"elementor-widget-wrap elementor-element-populated\">\n\t\t\t\t\t\t<div class=\"elementor-element elementor-element-2bc602d elementor-invisible elementor-widget elementor-widget-heading\" data-id=\"2bc602d\" data-element_type=\"widget\" data-e-type=\"widget\" data-settings=\"{&quot;_animation&quot;:&quot;slideInRight&quot;}\" data-widget_type=\"heading.default\">\n\t\t\t\t<div class=\"elementor-widget-container\">\n\t\t\t\t\t<h1 class=\"elementor-heading-title elementor-size-default\">EXKAL \u00e0 HOSTELCO 2024<\/h1>\t\t\t\t<\/div>\n\t\t\t\t<\/div>\n\t\t\t\t<div class=\"elementor-element elementor-element-fa794d3 elementor-widget-divider--view-line elementor-widget elementor-widget-divider\" data-id=\"fa794d3\" data-element_type=\"widget\" data-e-type=\"widget\" data-widget_type=\"divider.default\">\n\t\t\t\t<div class=\"elementor-widget-container\">\n\t\t\t\t\t\t\t<div class=\"elementor-divider\">\n\t\t\t<span class=\"elementor-divider-separator\">\n\t\t\t\t\t\t<\/span>\n\t\t<\/div>\n\t\t\t\t\t\t<\/div>\n\t\t\t\t<\/div>\n\t\t\t\t<div class=\"elementor-element elementor-element-ca1b899 elementor-widget elementor-widget-text-editor\" data-id=\"ca1b899\" data-element_type=\"widget\" data-e-type=\"widget\" data-widget_type=\"text-editor.default\">\n\t\t\t\t<div class=\"elementor-widget-container\">\n\t\t\t\t\t\t\t\t\t<p>Les <strong>18, 19, 20 et 21 mars<\/strong> prochains, Exkal sera pr\u00e9sent \u00e0 <strong>HOSTELCO 2024, le Salon international des \u00e9quipements pour l&rsquo;h\u00f4tellerie, la restauration et les collectivit\u00e9s<\/strong>, qui f\u00eate sa 21e \u00e9dition et qui aura lieu \u00e0 la Gran V\u00eda \u2013 Fira. Lieu de Barcelone.<\/p><p>Une nouvelle opportunit\u00e9 de vous pr\u00e9senter notre gamme <a href=\"https:\/\/horexkal.exkalsa.com\/\"><b>HOREXKAL<\/b><\/a>, un produit innovant d\u00e9velopp\u00e9 sp\u00e9cialement pour le secteur HORECA.<\/p><p>Nous serons au <strong>stand 375 dans le pavillon 6.<\/strong><\/p>\t\t\t\t\t\t\t\t<\/div>\n\t\t\t\t<\/div>\n\t\t\t\t<div class=\"elementor-element elementor-element-591b78a elementor-widget elementor-widget-heading\" data-id=\"591b78a\" data-element_type=\"widget\" data-e-type=\"widget\" data-widget_type=\"heading.default\">\n\t\t\t\t<div class=\"elementor-widget-container\">\n\t\t\t\t\t<h2 class=\"elementor-heading-title elementor-size-default\">Nous t'attendons!<\/h2>\t\t\t\t<\/div>\n\t\t\t\t<\/div>\n\t\t\t\t\t<\/div>\n\t\t<\/div>\n\t\t\t\t\t<\/div>\n\t\t<\/section>\n\t\t\t\t<section class=\"elementor-section elementor-top-section elementor-element elementor-element-f0b1101 elementor-section-boxed elementor-section-height-default elementor-section-height-default\" data-id=\"f0b1101\" data-element_type=\"section\" data-e-type=\"section\">\n\t\t\t\t\t\t<div class=\"elementor-container elementor-column-gap-default\">\n\t\t\t\t\t<div class=\"elementor-column elementor-col-100 elementor-top-column elementor-element elementor-element-e2c8625\" data-id=\"e2c8625\" data-element_type=\"column\" data-e-type=\"column\">\n\t\t\t<div class=\"elementor-widget-wrap elementor-element-populated\">\n\t\t\t\t\t\t<div class=\"elementor-element elementor-element-a5942f8 elementor-widget elementor-widget-image\" data-id=\"a5942f8\" data-element_type=\"widget\" data-e-type=\"widget\" data-widget_type=\"image.default\">\n\t\t\t\t<div class=\"elementor-widget-container\">\n\t\t\t\t\t\t\t\t\t\t\t\t\t\t\t<img decoding=\"async\" width=\"1201\" height=\"379\" src=\"https:\/\/exkalsa.com\/wp-content\/uploads\/2024\/01\/plano-FR.jpg\" class=\"attachment-full size-full wp-image-9591\" alt=\"\" srcset=\"https:\/\/exkalsa.com\/wp-content\/uploads\/2024\/01\/plano-FR.jpg 1201w, https:\/\/exkalsa.com\/wp-content\/uploads\/2024\/01\/plano-FR-300x95.jpg 300w, https:\/\/exkalsa.com\/wp-content\/uploads\/2024\/01\/plano-FR-1024x323.jpg 1024w, https:\/\/exkalsa.com\/wp-content\/uploads\/2024\/01\/plano-FR-768x242.jpg 768w\" sizes=\"(max-width: 1201px) 100vw, 1201px\" \/>\t\t\t\t\t\t\t\t\t\t\t\t\t\t\t<\/div>\n\t\t\t\t<\/div>\n\t\t\t\t\t<\/div>\n\t\t<\/div>\n\t\t\t\t\t<\/div>\n\t\t<\/section>\n\t\t\t\t<section class=\"elementor-section elementor-top-section elementor-element elementor-element-8d90b49 elementor-section-boxed elementor-section-height-default elementor-section-height-default\" data-id=\"8d90b49\" data-element_type=\"section\" data-e-type=\"section\">\n\t\t\t\t\t\t<div class=\"elementor-container elementor-column-gap-default\">\n\t\t\t\t\t<div class=\"elementor-column elementor-col-100 elementor-top-column elementor-element elementor-element-aeb2905\" data-id=\"aeb2905\" data-element_type=\"column\" data-e-type=\"column\">\n\t\t\t<div class=\"elementor-widget-wrap elementor-element-populated\">\n\t\t\t\t\t\t<div class=\"elementor-element elementor-element-1b81162 elementor-invisible elementor-widget elementor-widget-heading\" data-id=\"1b81162\" data-element_type=\"widget\" data-e-type=\"widget\" data-settings=\"{&quot;_animation&quot;:&quot;slideInRight&quot;}\" data-widget_type=\"heading.default\">\n\t\t\t\t<div class=\"elementor-widget-container\">\n\t\t\t\t\t<h2 class=\"elementor-heading-title elementor-size-default\">Vous souhaitez organiser une rencontre avec nous ?<\/h2>\t\t\t\t<\/div>\n\t\t\t\t<\/div>\n\t\t\t\t<div class=\"elementor-element elementor-element-823909b elementor-widget-divider--view-line elementor-widget elementor-widget-divider\" data-id=\"823909b\" data-element_type=\"widget\" data-e-type=\"widget\" data-widget_type=\"divider.default\">\n\t\t\t\t<div class=\"elementor-widget-container\">\n\t\t\t\t\t\t\t<div class=\"elementor-divider\">\n\t\t\t<span class=\"elementor-divider-separator\">\n\t\t\t\t\t\t<\/span>\n\t\t<\/div>\n\t\t\t\t\t\t<\/div>\n\t\t\t\t<\/div>\n\t\t\t\t<div class=\"elementor-element elementor-element-53b84e5 elementor-widget elementor-widget-text-editor\" data-id=\"53b84e5\" data-element_type=\"widget\" data-e-type=\"widget\" data-widget_type=\"text-editor.default\">\n\t\t\t\t<div class=\"elementor-widget-container\">\n\t\t\t\t\t\t\t\t\t<p>Nous avons beaucoup de nouvelles \u00e0 vous annoncer. Voulez-vous le savoir de premi\u00e8re main ? Organisez une r\u00e9union sur notre stand. Remplissez le formulaire suivant et s\u00e9lectionnez le jour et l&rsquo;heure auxquels vous souhaitez \u00eatre avec nous. \u00c0 bient\u00f4t!<\/p>\t\t\t\t\t\t\t\t<\/div>\n\t\t\t\t<\/div>\n\t\t\t\t<div class=\"elementor-element elementor-element-e2bc6a1 elementor-widget elementor-widget-text-editor\" data-id=\"e2bc6a1\" data-element_type=\"widget\" data-e-type=\"widget\" data-widget_type=\"text-editor.default\">\n\t\t\t\t<div class=\"elementor-widget-container\">\n\t\t\t\t\t\t\t\t\t<div class=\"webba_booking_form_v6\" data-service=\"2\"\n    data-category-list=\"no\" data-category=\"0\"\n    data-multiservice=\"\" ><\/div>\n    \t\t\t\t\t\t\t\t<\/div>\n\t\t\t\t<\/div>\n\t\t\t\t\t<\/div>\n\t\t<\/div>\n\t\t\t\t\t<\/div>\n\t\t<\/section>\n\t\t\t\t<\/div>\n\t\t","protected":false},"excerpt":{"rendered":"<p>HALL 6 FULLY EQUIPPED \u00c9quipements, machines, accessoires EXKAL \u00e0 HOSTELCO 2024 Les 18, 19, 20 et 21 mars prochains, Exkal sera pr\u00e9sent \u00e0 HOSTELCO 2024, le Salon international des \u00e9quipements pour l&rsquo;h\u00f4tellerie, la restauration et les collectivit\u00e9s, qui f\u00eate sa 21e \u00e9dition et qui aura lieu \u00e0 la Gran V\u00eda \u2013 Fira. Lieu de Barcelone. [&hellip;]<\/p>\n","protected":false},"author":2,"featured_media":0,"parent":0,"menu_order":0,"comment_status":"closed","ping_status":"closed","template":"elementor_header_footer","meta":{"footnotes":""},"class_list":["post-9532","page","type-page","status-publish","hentry"],"yoast_head":"<!-- This site is optimized with the Yoast SEO plugin v27.1.1 - https:\/\/yoast.com\/product\/yoast-seo-wordpress\/ -->\n<title>Hostelco 2024 - Exkal<\/title>\n<meta name=\"robots\" content=\"index, follow, max-snippet:-1, max-image-preview:large, max-video-preview:-1\" \/>\n<link rel=\"canonical\" href=\"https:\/\/exkalsa.com\/fr\/hostelco-2024\/\" \/>\n<meta property=\"og:locale\" content=\"fr_FR\" \/>\n<meta property=\"og:type\" content=\"article\" \/>\n<meta property=\"og:title\" content=\"Hostelco 2024 - Exkal\" \/>\n<meta property=\"og:description\" content=\"HALL 6 FULLY EQUIPPED \u00c9quipements, machines, accessoires EXKAL \u00e0 HOSTELCO 2024 Les 18, 19, 20 et 21 mars prochains, Exkal sera pr\u00e9sent \u00e0 HOSTELCO 2024, le Salon international des \u00e9quipements pour l&rsquo;h\u00f4tellerie, la restauration et les collectivit\u00e9s, qui f\u00eate sa 21e \u00e9dition et qui aura lieu \u00e0 la Gran V\u00eda \u2013 Fira. Lieu de Barcelone. [&hellip;]\" \/>\n<meta property=\"og:url\" content=\"https:\/\/exkalsa.com\/fr\/hostelco-2024\/\" \/>\n<meta property=\"og:site_name\" content=\"Exkal\" \/>\n<meta property=\"article:modified_time\" content=\"2024-01-23T07:42:26+00:00\" \/>\n<meta property=\"og:image\" content=\"https:\/\/exkalsa.com\/wp-content\/uploads\/2024\/01\/landing_hostelco.jpg\" \/>\n<meta name=\"twitter:card\" content=\"summary_large_image\" \/>\n<meta name=\"twitter:label1\" content=\"Dur\u00e9e de lecture estim\u00e9e\" \/>\n\t<meta name=\"twitter:data1\" content=\"2 minutes\" \/>\n<script type=\"application\/ld+json\" class=\"yoast-schema-graph\">{\"@context\":\"https:\/\/schema.org\",\"@graph\":[{\"@type\":\"WebPage\",\"@id\":\"https:\/\/exkalsa.com\/fr\/hostelco-2024\/\",\"url\":\"https:\/\/exkalsa.com\/fr\/hostelco-2024\/\",\"name\":\"Hostelco 2024 - Exkal\",\"isPartOf\":{\"@id\":\"https:\/\/exkalsa.com\/fr\/#website\"},\"primaryImageOfPage\":{\"@id\":\"https:\/\/exkalsa.com\/fr\/hostelco-2024\/#primaryimage\"},\"image\":{\"@id\":\"https:\/\/exkalsa.com\/fr\/hostelco-2024\/#primaryimage\"},\"thumbnailUrl\":\"https:\/\/exkalsa.com\/wp-content\/uploads\/2024\/01\/landing_hostelco.jpg\",\"datePublished\":\"2024-01-22T11:15:18+00:00\",\"dateModified\":\"2024-01-23T07:42:26+00:00\",\"inLanguage\":\"fr-FR\",\"potentialAction\":[{\"@type\":\"ReadAction\",\"target\":[\"https:\/\/exkalsa.com\/fr\/hostelco-2024\/\"]}]},{\"@type\":\"ImageObject\",\"inLanguage\":\"fr-FR\",\"@id\":\"https:\/\/exkalsa.com\/fr\/hostelco-2024\/#primaryimage\",\"url\":\"https:\/\/exkalsa.com\/wp-content\/uploads\/2024\/01\/landing_hostelco.jpg\",\"contentUrl\":\"https:\/\/exkalsa.com\/wp-content\/uploads\/2024\/01\/landing_hostelco.jpg\"},{\"@type\":\"WebSite\",\"@id\":\"https:\/\/exkalsa.com\/fr\/#website\",\"url\":\"https:\/\/exkalsa.com\/fr\/\",\"name\":\"Exkal\",\"description\":\"\",\"potentialAction\":[{\"@type\":\"SearchAction\",\"target\":{\"@type\":\"EntryPoint\",\"urlTemplate\":\"https:\/\/exkalsa.com\/fr\/?s={search_term_string}\"},\"query-input\":{\"@type\":\"PropertyValueSpecification\",\"valueRequired\":true,\"valueName\":\"search_term_string\"}}],\"inLanguage\":\"fr-FR\"}]}<\/script>\n<!-- \/ Yoast SEO plugin. -->","yoast_head_json":{"title":"Hostelco 2024 - Exkal","robots":{"index":"index","follow":"follow","max-snippet":"max-snippet:-1","max-image-preview":"max-image-preview:large","max-video-preview":"max-video-preview:-1"},"canonical":"https:\/\/exkalsa.com\/fr\/hostelco-2024\/","og_locale":"fr_FR","og_type":"article","og_title":"Hostelco 2024 - Exkal","og_description":"HALL 6 FULLY EQUIPPED \u00c9quipements, machines, accessoires EXKAL \u00e0 HOSTELCO 2024 Les 18, 19, 20 et 21 mars prochains, Exkal sera pr\u00e9sent \u00e0 HOSTELCO 2024, le Salon international des \u00e9quipements pour l&rsquo;h\u00f4tellerie, la restauration et les collectivit\u00e9s, qui f\u00eate sa 21e \u00e9dition et qui aura lieu \u00e0 la Gran V\u00eda \u2013 Fira. Lieu de Barcelone. [&hellip;]","og_url":"https:\/\/exkalsa.com\/fr\/hostelco-2024\/","og_site_name":"Exkal","article_modified_time":"2024-01-23T07:42:26+00:00","og_image":[{"url":"https:\/\/exkalsa.com\/wp-content\/uploads\/2024\/01\/landing_hostelco.jpg","type":"","width":"","height":""}],"twitter_card":"summary_large_image","twitter_misc":{"Dur\u00e9e de lecture estim\u00e9e":"2 minutes"},"schema":{"@context":"https:\/\/schema.org","@graph":[{"@type":"WebPage","@id":"https:\/\/exkalsa.com\/fr\/hostelco-2024\/","url":"https:\/\/exkalsa.com\/fr\/hostelco-2024\/","name":"Hostelco 2024 - Exkal","isPartOf":{"@id":"https:\/\/exkalsa.com\/fr\/#website"},"primaryImageOfPage":{"@id":"https:\/\/exkalsa.com\/fr\/hostelco-2024\/#primaryimage"},"image":{"@id":"https:\/\/exkalsa.com\/fr\/hostelco-2024\/#primaryimage"},"thumbnailUrl":"https:\/\/exkalsa.com\/wp-content\/uploads\/2024\/01\/landing_hostelco.jpg","datePublished":"2024-01-22T11:15:18+00:00","dateModified":"2024-01-23T07:42:26+00:00","inLanguage":"fr-FR","potentialAction":[{"@type":"ReadAction","target":["https:\/\/exkalsa.com\/fr\/hostelco-2024\/"]}]},{"@type":"ImageObject","inLanguage":"fr-FR","@id":"https:\/\/exkalsa.com\/fr\/hostelco-2024\/#primaryimage","url":"https:\/\/exkalsa.com\/wp-content\/uploads\/2024\/01\/landing_hostelco.jpg","contentUrl":"https:\/\/exkalsa.com\/wp-content\/uploads\/2024\/01\/landing_hostelco.jpg"},{"@type":"WebSite","@id":"https:\/\/exkalsa.com\/fr\/#website","url":"https:\/\/exkalsa.com\/fr\/","name":"Exkal","description":"","potentialAction":[{"@type":"SearchAction","target":{"@type":"EntryPoint","urlTemplate":"https:\/\/exkalsa.com\/fr\/?s={search_term_string}"},"query-input":{"@type":"PropertyValueSpecification","valueRequired":true,"valueName":"search_term_string"}}],"inLanguage":"fr-FR"}]}},"_links":{"self":[{"href":"https:\/\/exkalsa.com\/fr\/wp-json\/wp\/v2\/pages\/9532","targetHints":{"allow":["GET"]}}],"collection":[{"href":"https:\/\/exkalsa.com\/fr\/wp-json\/wp\/v2\/pages"}],"about":[{"href":"https:\/\/exkalsa.com\/fr\/wp-json\/wp\/v2\/types\/page"}],"author":[{"embeddable":true,"href":"https:\/\/exkalsa.com\/fr\/wp-json\/wp\/v2\/users\/2"}],"replies":[{"embeddable":true,"href":"https:\/\/exkalsa.com\/fr\/wp-json\/wp\/v2\/comments?post=9532"}],"version-history":[{"count":13,"href":"https:\/\/exkalsa.com\/fr\/wp-json\/wp\/v2\/pages\/9532\/revisions"}],"predecessor-version":[{"id":9607,"href":"https:\/\/exkalsa.com\/fr\/wp-json\/wp\/v2\/pages\/9532\/revisions\/9607"}],"wp:attachment":[{"href":"https:\/\/exkalsa.com\/fr\/wp-json\/wp\/v2\/media?parent=9532"}],"curies":[{"name":"wp","href":"https:\/\/api.w.org\/{rel}","templated":true}]}}