{"id":8528,"date":"2023-09-14T13:11:57","date_gmt":"2023-09-14T13:11:57","guid":{"rendered":"https:\/\/exkalsa.com\/cr-2023\/"},"modified":"2025-09-30T11:27:47","modified_gmt":"2025-09-30T11:27:47","slug":"cr-2025","status":"publish","type":"page","link":"https:\/\/exkalsa.com\/fr\/cr-2025\/","title":{"rendered":"C&#038;R 2025"},"content":{"rendered":"\t\t<div data-elementor-type=\"wp-page\" data-elementor-id=\"8528\" class=\"elementor elementor-8528 elementor-8497\" data-elementor-post-type=\"page\">\n\t\t\t\t\t\t<section class=\"elementor-section elementor-top-section elementor-element elementor-element-cdbe6fb elementor-section-boxed elementor-section-height-default elementor-section-height-default\" data-id=\"cdbe6fb\" data-element_type=\"section\" data-e-type=\"section\">\n\t\t\t\t\t\t<div class=\"elementor-container elementor-column-gap-default\">\n\t\t\t\t\t<div class=\"elementor-column elementor-col-100 elementor-top-column elementor-element elementor-element-62bbf0e\" data-id=\"62bbf0e\" data-element_type=\"column\" data-e-type=\"column\">\n\t\t\t<div class=\"elementor-widget-wrap elementor-element-populated\">\n\t\t\t\t\t\t<div class=\"elementor-element elementor-element-5c4f69e elementor-widget elementor-widget-image\" data-id=\"5c4f69e\" data-element_type=\"widget\" data-e-type=\"widget\" data-widget_type=\"image.default\">\n\t\t\t\t<div class=\"elementor-widget-container\">\n\t\t\t\t\t\t\t\t\t\t\t\t\t\t\t<img fetchpriority=\"high\" decoding=\"async\" width=\"696\" height=\"102\" src=\"https:\/\/exkalsa.com\/wp-content\/uploads\/2023\/10\/cabecera.jpg\" class=\"attachment-large size-large wp-image-8854\" alt=\"\" srcset=\"https:\/\/exkalsa.com\/wp-content\/uploads\/2023\/10\/cabecera.jpg 696w, https:\/\/exkalsa.com\/wp-content\/uploads\/2023\/10\/cabecera-300x44.jpg 300w\" sizes=\"(max-width: 696px) 100vw, 696px\" \/>\t\t\t\t\t\t\t\t\t\t\t\t\t\t\t<\/div>\n\t\t\t\t<\/div>\n\t\t\t\t\t<\/div>\n\t\t<\/div>\n\t\t\t\t\t<\/div>\n\t\t<\/section>\n\t\t\t\t<section class=\"elementor-section elementor-top-section elementor-element elementor-element-9ead092 elementor-section-boxed elementor-section-height-default elementor-section-height-default\" data-id=\"9ead092\" data-element_type=\"section\" data-e-type=\"section\">\n\t\t\t\t\t\t<div class=\"elementor-container elementor-column-gap-default\">\n\t\t\t\t\t<div class=\"elementor-column elementor-col-100 elementor-top-column elementor-element elementor-element-f77d476\" data-id=\"f77d476\" data-element_type=\"column\" data-e-type=\"column\" data-settings=\"{&quot;background_background&quot;:&quot;classic&quot;}\">\n\t\t\t<div class=\"elementor-widget-wrap elementor-element-populated\">\n\t\t\t\t\t\t<div class=\"elementor-element elementor-element-ef2b6af elementor-widget elementor-widget-video\" data-id=\"ef2b6af\" data-element_type=\"widget\" data-e-type=\"widget\" data-settings=\"{&quot;video_type&quot;:&quot;vimeo&quot;}\" data-widget_type=\"video.default\">\n\t\t\t\t<div class=\"elementor-widget-container\">\n\t\t\t\t\t\t\t<div class=\"elementor-wrapper elementor-open-inline\">\n\t\t\t<iframe class=\"elementor-video-iframe\" allowfullscreen allow=\"clipboard-write\" title=\"Lecteur vid\u00e9o vimeo\" src=\"https:\/\/player.vimeo.com\/video\/1118686179?color&amp;autopause=0&amp;loop=0&amp;muted=0&amp;title=1&amp;portrait=1&amp;byline=1#t=\"><\/iframe>\t\t<\/div>\n\t\t\t\t\t\t<\/div>\n\t\t\t\t<\/div>\n\t\t\t\t\t<\/div>\n\t\t<\/div>\n\t\t\t\t\t<\/div>\n\t\t<\/section>\n\t\t\t\t<section class=\"elementor-section elementor-top-section elementor-element elementor-element-28a2f37 elementor-section-boxed elementor-section-height-default elementor-section-height-default\" data-id=\"28a2f37\" data-element_type=\"section\" data-e-type=\"section\">\n\t\t\t\t\t\t<div class=\"elementor-container elementor-column-gap-default\">\n\t\t\t\t\t<div class=\"elementor-column elementor-col-100 elementor-top-column elementor-element elementor-element-b1df1eb\" data-id=\"b1df1eb\" data-element_type=\"column\" data-e-type=\"column\">\n\t\t\t<div class=\"elementor-widget-wrap elementor-element-populated\">\n\t\t\t\t\t\t<div class=\"elementor-element elementor-element-e39daaf elementor-invisible elementor-widget elementor-widget-heading\" data-id=\"e39daaf\" data-element_type=\"widget\" data-e-type=\"widget\" data-settings=\"{&quot;_animation&quot;:&quot;slideInRight&quot;}\" data-widget_type=\"heading.default\">\n\t\t\t\t<div class=\"elementor-widget-container\">\n\t\t\t\t\t<h1 class=\"elementor-heading-title elementor-size-default\">EXKAL \u00e0<\/h1>\t\t\t\t<\/div>\n\t\t\t\t<\/div>\n\t\t\t\t<div class=\"elementor-element elementor-element-d0d5624 elementor-invisible elementor-widget elementor-widget-heading\" data-id=\"d0d5624\" data-element_type=\"widget\" data-e-type=\"widget\" data-settings=\"{&quot;_animation&quot;:&quot;slideInRight&quot;,&quot;_animation_delay&quot;:300}\" data-widget_type=\"heading.default\">\n\t\t\t\t<div class=\"elementor-widget-container\">\n\t\t\t\t\t<h1 class=\"elementor-heading-title elementor-size-default\">C&amp;R 2025<\/h1>\t\t\t\t<\/div>\n\t\t\t\t<\/div>\n\t\t\t\t<section class=\"elementor-section elementor-inner-section elementor-element elementor-element-d3da915 elementor-section-boxed elementor-section-height-default elementor-section-height-default\" data-id=\"d3da915\" data-element_type=\"section\" data-e-type=\"section\">\n\t\t\t\t\t\t<div class=\"elementor-container elementor-column-gap-default\">\n\t\t\t\t\t<div class=\"elementor-column elementor-col-100 elementor-inner-column elementor-element elementor-element-9dac753\" data-id=\"9dac753\" data-element_type=\"column\" data-e-type=\"column\">\n\t\t\t<div class=\"elementor-widget-wrap elementor-element-populated\">\n\t\t\t\t\t\t<div class=\"elementor-element elementor-element-6e19a64 elementor-widget elementor-widget-text-editor\" data-id=\"6e19a64\" data-element_type=\"widget\" data-e-type=\"widget\" data-widget_type=\"text-editor.default\">\n\t\t\t\t<div class=\"elementor-widget-container\">\n\t\t\t\t\t\t\t\t\t<p><strong>Du 18 au 20 novembre<\/strong> prochains se tiendra une nouvelle \u00e9dition du <strong>Salon international C&amp;R,<\/strong> la grande r\u00e9f\u00e9rence internationale en Espagne dans le<strong> domaine de la climatisation et de la r\u00e9frig\u00e9ration.<\/strong><\/p>\t\t\t\t\t\t\t\t<\/div>\n\t\t\t\t<\/div>\n\t\t\t\t<div class=\"elementor-element elementor-element-0298d3e elementor-widget elementor-widget-text-editor\" data-id=\"0298d3e\" data-element_type=\"widget\" data-e-type=\"widget\" data-widget_type=\"text-editor.default\">\n\t\t\t\t<div class=\"elementor-widget-container\">\n\t\t\t\t\t\t\t\t\t<p>Le C&amp;R est le rendez-vous commercial le plus important des secteurs de la climatisation, du chauffage, de la ventilation et du froid industriel et commercial. C&rsquo;est le moment et le lieu id\u00e9al pour se rencontrer et discuter des avanc\u00e9es dans ce secteur, caract\u00e9ris\u00e9 par sa capacit\u00e9 d&rsquo;innovation technologique et son engagement en faveur de la durabilit\u00e9 et de l&rsquo;efficacit\u00e9 \u00e9nerg\u00e9tique.<\/p>\t\t\t\t\t\t\t\t<\/div>\n\t\t\t\t<\/div>\n\t\t\t\t<div class=\"elementor-element elementor-element-c212bd5 elementor-widget elementor-widget-text-editor\" data-id=\"c212bd5\" data-element_type=\"widget\" data-e-type=\"widget\" data-widget_type=\"text-editor.default\">\n\t\t\t\t<div class=\"elementor-widget-container\">\n\t\t\t\t\t\t\t\t\t<p>Nous serons pr\u00e9sents au<strong> stand 5A14 du pavillon 5<\/strong> et serons ravis de vous y accueillir.<\/p>\t\t\t\t\t\t\t\t<\/div>\n\t\t\t\t<\/div>\n\t\t\t\t\t<\/div>\n\t\t<\/div>\n\t\t\t\t\t<\/div>\n\t\t<\/section>\n\t\t\t\t\t<\/div>\n\t\t<\/div>\n\t\t\t\t\t<\/div>\n\t\t<\/section>\n\t\t\t\t<section class=\"elementor-section elementor-top-section elementor-element elementor-element-f698581 elementor-section-boxed elementor-section-height-default elementor-section-height-default\" data-id=\"f698581\" data-element_type=\"section\" data-e-type=\"section\">\n\t\t\t\t\t\t<div class=\"elementor-container elementor-column-gap-default\">\n\t\t\t\t\t<div class=\"elementor-column elementor-col-100 elementor-top-column elementor-element elementor-element-44bbf19\" data-id=\"44bbf19\" data-element_type=\"column\" data-e-type=\"column\">\n\t\t\t<div class=\"elementor-widget-wrap elementor-element-populated\">\n\t\t\t\t\t\t<div class=\"elementor-element elementor-element-764141c elementor-widget elementor-widget-image\" data-id=\"764141c\" data-element_type=\"widget\" data-e-type=\"widget\" data-widget_type=\"image.default\">\n\t\t\t\t<div class=\"elementor-widget-container\">\n\t\t\t\t\t\t\t\t\t\t\t\t\t\t\t<img decoding=\"async\" width=\"1200\" height=\"545\" src=\"https:\/\/exkalsa.com\/wp-content\/uploads\/2025\/09\/Plano.jpg\" class=\"attachment-full size-full wp-image-12439\" alt=\"\" srcset=\"https:\/\/exkalsa.com\/wp-content\/uploads\/2025\/09\/Plano.jpg 1200w, https:\/\/exkalsa.com\/wp-content\/uploads\/2025\/09\/Plano-300x136.jpg 300w, https:\/\/exkalsa.com\/wp-content\/uploads\/2025\/09\/Plano-1024x465.jpg 1024w, https:\/\/exkalsa.com\/wp-content\/uploads\/2025\/09\/Plano-768x349.jpg 768w\" sizes=\"(max-width: 1200px) 100vw, 1200px\" \/>\t\t\t\t\t\t\t\t\t\t\t\t\t\t\t<\/div>\n\t\t\t\t<\/div>\n\t\t\t\t\t<\/div>\n\t\t<\/div>\n\t\t\t\t\t<\/div>\n\t\t<\/section>\n\t\t\t\t<section class=\"elementor-section elementor-top-section elementor-element elementor-element-8d90b49 elementor-section-boxed elementor-section-height-default elementor-section-height-default\" data-id=\"8d90b49\" data-element_type=\"section\" data-e-type=\"section\">\n\t\t\t\t\t\t<div class=\"elementor-container elementor-column-gap-default\">\n\t\t\t\t\t<div class=\"elementor-column elementor-col-100 elementor-top-column elementor-element elementor-element-aeb2905\" data-id=\"aeb2905\" data-element_type=\"column\" data-e-type=\"column\">\n\t\t\t<div class=\"elementor-widget-wrap elementor-element-populated\">\n\t\t\t\t\t\t<div class=\"elementor-element elementor-element-2a1f33a elementor-widget elementor-widget-heading\" data-id=\"2a1f33a\" data-element_type=\"widget\" data-e-type=\"widget\" data-widget_type=\"heading.default\">\n\t\t\t\t<div class=\"elementor-widget-container\">\n\t\t\t\t\t<h3 class=\"elementor-heading-title elementor-size-default\">Voulez-vous organiser une r\u00e9union?<\/h3>\t\t\t\t<\/div>\n\t\t\t\t<\/div>\n\t\t\t\t<div class=\"elementor-element elementor-element-1969085 elementor-widget elementor-widget-text-editor\" data-id=\"1969085\" data-element_type=\"widget\" data-e-type=\"widget\" data-widget_type=\"text-editor.default\">\n\t\t\t\t<div class=\"elementor-widget-container\">\n\t\t\t\t\t\t\t\t\t<p><code><iframe src=\"https:\/\/exkalsa.com\/fr\/wp-json\/ssa\/v1\/embed-inner?integration&#038;type=cr-2025&#038;label&#038;types=1&#038;edit&#038;view&#038;payment_provider&#038;ssa_locale=fr_FR&#038;ssa_is_rtl&#038;sid=024b61b7e8cd3cfa45fd9fe38106e1cd40fb8a1e&#038;availability_start_date&#038;availability_end_date&#038;suggest_first_available&#038;suggest_first_available_within_minutes&#038;flow&#038;fallback_flow&#038;time_view&#038;date_view&#038;appointment_types_view&#038;version&#038;accent_color&#038;background&#038;padding&#038;font&#038;booking_url=https%3A%2F%2Fexkalsa.com%2Ffr%2Fcr-2025%2F&#038;booking_post_id=8528&#038;booking_title=C%26%23038%3BR+2025&#038;_wpnonce=fbd9e21026&#038;redirect_post_id&#038;mepr_membership_id#\/\" height=\"400px\" width=\"100%\" name=\"ssa_booking\" loading=\"eager\" frameborder=\"0\" data-skip-lazy=\"1\" class=\"ssa_booking_iframe skip-lazy\" title=\"R\u00e9servez une heure\"><\/iframe><\/code><\/p>\t\t\t\t\t\t\t\t<\/div>\n\t\t\t\t<\/div>\n\t\t\t\t\t<\/div>\n\t\t<\/div>\n\t\t\t\t\t<\/div>\n\t\t<\/section>\n\t\t\t\t<\/div>\n\t\t","protected":false},"excerpt":{"rendered":"<p>EXKAL \u00e0 C&amp;R 2025 Du 18 au 20 novembre prochains se tiendra une nouvelle \u00e9dition du Salon international C&amp;R, la grande r\u00e9f\u00e9rence internationale en Espagne dans le domaine de la climatisation et de la r\u00e9frig\u00e9ration. Le C&amp;R est le rendez-vous commercial le plus important des secteurs de la climatisation, du chauffage, de la ventilation et [&hellip;]<\/p>\n","protected":false},"author":2,"featured_media":0,"parent":0,"menu_order":0,"comment_status":"closed","ping_status":"closed","template":"elementor_header_footer","meta":{"footnotes":""},"class_list":["post-8528","page","type-page","status-publish","hentry"],"yoast_head":"<!-- This site is optimized with the Yoast SEO plugin v27.1.1 - https:\/\/yoast.com\/product\/yoast-seo-wordpress\/ -->\n<title>C&amp;R 2025 - Exkal<\/title>\n<meta name=\"robots\" content=\"index, follow, max-snippet:-1, max-image-preview:large, max-video-preview:-1\" \/>\n<link rel=\"canonical\" href=\"https:\/\/exkalsa.com\/fr\/cr-2025\/\" \/>\n<meta property=\"og:locale\" content=\"fr_FR\" \/>\n<meta property=\"og:type\" content=\"article\" \/>\n<meta property=\"og:title\" content=\"C&amp;R 2025 - Exkal\" \/>\n<meta property=\"og:description\" content=\"EXKAL \u00e0 C&amp;R 2025 Du 18 au 20 novembre prochains se tiendra une nouvelle \u00e9dition du Salon international C&amp;R, la grande r\u00e9f\u00e9rence internationale en Espagne dans le domaine de la climatisation et de la r\u00e9frig\u00e9ration. Le C&amp;R est le rendez-vous commercial le plus important des secteurs de la climatisation, du chauffage, de la ventilation et [&hellip;]\" \/>\n<meta property=\"og:url\" content=\"https:\/\/exkalsa.com\/fr\/cr-2025\/\" \/>\n<meta property=\"og:site_name\" content=\"Exkal\" \/>\n<meta property=\"article:modified_time\" content=\"2025-09-30T11:27:47+00:00\" \/>\n<meta property=\"og:image\" content=\"https:\/\/exkalsa.com\/wp-content\/uploads\/2023\/10\/cabecera.jpg\" \/>\n\t<meta property=\"og:image:width\" content=\"696\" \/>\n\t<meta property=\"og:image:height\" content=\"102\" \/>\n\t<meta property=\"og:image:type\" content=\"image\/jpeg\" \/>\n<meta name=\"twitter:card\" content=\"summary_large_image\" \/>\n<meta name=\"twitter:label1\" content=\"Dur\u00e9e de lecture estim\u00e9e\" \/>\n\t<meta name=\"twitter:data1\" content=\"1 minute\" \/>\n<script type=\"application\/ld+json\" class=\"yoast-schema-graph\">{\"@context\":\"https:\/\/schema.org\",\"@graph\":[{\"@type\":\"WebPage\",\"@id\":\"https:\/\/exkalsa.com\/fr\/cr-2025\/\",\"url\":\"https:\/\/exkalsa.com\/fr\/cr-2025\/\",\"name\":\"C&R 2025 - Exkal\",\"isPartOf\":{\"@id\":\"https:\/\/exkalsa.com\/fr\/#website\"},\"primaryImageOfPage\":{\"@id\":\"https:\/\/exkalsa.com\/fr\/cr-2025\/#primaryimage\"},\"image\":{\"@id\":\"https:\/\/exkalsa.com\/fr\/cr-2025\/#primaryimage\"},\"thumbnailUrl\":\"https:\/\/exkalsa.com\/wp-content\/uploads\/2023\/10\/cabecera.jpg\",\"datePublished\":\"2023-09-14T13:11:57+00:00\",\"dateModified\":\"2025-09-30T11:27:47+00:00\",\"inLanguage\":\"fr-FR\",\"potentialAction\":[{\"@type\":\"ReadAction\",\"target\":[\"https:\/\/exkalsa.com\/fr\/cr-2025\/\"]}]},{\"@type\":\"ImageObject\",\"inLanguage\":\"fr-FR\",\"@id\":\"https:\/\/exkalsa.com\/fr\/cr-2025\/#primaryimage\",\"url\":\"https:\/\/exkalsa.com\/wp-content\/uploads\/2023\/10\/cabecera.jpg\",\"contentUrl\":\"https:\/\/exkalsa.com\/wp-content\/uploads\/2023\/10\/cabecera.jpg\"},{\"@type\":\"WebSite\",\"@id\":\"https:\/\/exkalsa.com\/fr\/#website\",\"url\":\"https:\/\/exkalsa.com\/fr\/\",\"name\":\"Exkal\",\"description\":\"\",\"potentialAction\":[{\"@type\":\"SearchAction\",\"target\":{\"@type\":\"EntryPoint\",\"urlTemplate\":\"https:\/\/exkalsa.com\/fr\/?s={search_term_string}\"},\"query-input\":{\"@type\":\"PropertyValueSpecification\",\"valueRequired\":true,\"valueName\":\"search_term_string\"}}],\"inLanguage\":\"fr-FR\"}]}<\/script>\n<!-- \/ Yoast SEO plugin. -->","yoast_head_json":{"title":"C&R 2025 - Exkal","robots":{"index":"index","follow":"follow","max-snippet":"max-snippet:-1","max-image-preview":"max-image-preview:large","max-video-preview":"max-video-preview:-1"},"canonical":"https:\/\/exkalsa.com\/fr\/cr-2025\/","og_locale":"fr_FR","og_type":"article","og_title":"C&R 2025 - Exkal","og_description":"EXKAL \u00e0 C&amp;R 2025 Du 18 au 20 novembre prochains se tiendra une nouvelle \u00e9dition du Salon international C&amp;R, la grande r\u00e9f\u00e9rence internationale en Espagne dans le domaine de la climatisation et de la r\u00e9frig\u00e9ration. Le C&amp;R est le rendez-vous commercial le plus important des secteurs de la climatisation, du chauffage, de la ventilation et [&hellip;]","og_url":"https:\/\/exkalsa.com\/fr\/cr-2025\/","og_site_name":"Exkal","article_modified_time":"2025-09-30T11:27:47+00:00","og_image":[{"width":696,"height":102,"url":"https:\/\/exkalsa.com\/wp-content\/uploads\/2023\/10\/cabecera.jpg","type":"image\/jpeg"}],"twitter_card":"summary_large_image","twitter_misc":{"Dur\u00e9e de lecture estim\u00e9e":"1 minute"},"schema":{"@context":"https:\/\/schema.org","@graph":[{"@type":"WebPage","@id":"https:\/\/exkalsa.com\/fr\/cr-2025\/","url":"https:\/\/exkalsa.com\/fr\/cr-2025\/","name":"C&R 2025 - Exkal","isPartOf":{"@id":"https:\/\/exkalsa.com\/fr\/#website"},"primaryImageOfPage":{"@id":"https:\/\/exkalsa.com\/fr\/cr-2025\/#primaryimage"},"image":{"@id":"https:\/\/exkalsa.com\/fr\/cr-2025\/#primaryimage"},"thumbnailUrl":"https:\/\/exkalsa.com\/wp-content\/uploads\/2023\/10\/cabecera.jpg","datePublished":"2023-09-14T13:11:57+00:00","dateModified":"2025-09-30T11:27:47+00:00","inLanguage":"fr-FR","potentialAction":[{"@type":"ReadAction","target":["https:\/\/exkalsa.com\/fr\/cr-2025\/"]}]},{"@type":"ImageObject","inLanguage":"fr-FR","@id":"https:\/\/exkalsa.com\/fr\/cr-2025\/#primaryimage","url":"https:\/\/exkalsa.com\/wp-content\/uploads\/2023\/10\/cabecera.jpg","contentUrl":"https:\/\/exkalsa.com\/wp-content\/uploads\/2023\/10\/cabecera.jpg"},{"@type":"WebSite","@id":"https:\/\/exkalsa.com\/fr\/#website","url":"https:\/\/exkalsa.com\/fr\/","name":"Exkal","description":"","potentialAction":[{"@type":"SearchAction","target":{"@type":"EntryPoint","urlTemplate":"https:\/\/exkalsa.com\/fr\/?s={search_term_string}"},"query-input":{"@type":"PropertyValueSpecification","valueRequired":true,"valueName":"search_term_string"}}],"inLanguage":"fr-FR"}]}},"_links":{"self":[{"href":"https:\/\/exkalsa.com\/fr\/wp-json\/wp\/v2\/pages\/8528","targetHints":{"allow":["GET"]}}],"collection":[{"href":"https:\/\/exkalsa.com\/fr\/wp-json\/wp\/v2\/pages"}],"about":[{"href":"https:\/\/exkalsa.com\/fr\/wp-json\/wp\/v2\/types\/page"}],"author":[{"embeddable":true,"href":"https:\/\/exkalsa.com\/fr\/wp-json\/wp\/v2\/users\/2"}],"replies":[{"embeddable":true,"href":"https:\/\/exkalsa.com\/fr\/wp-json\/wp\/v2\/comments?post=8528"}],"version-history":[{"count":53,"href":"https:\/\/exkalsa.com\/fr\/wp-json\/wp\/v2\/pages\/8528\/revisions"}],"predecessor-version":[{"id":12466,"href":"https:\/\/exkalsa.com\/fr\/wp-json\/wp\/v2\/pages\/8528\/revisions\/12466"}],"wp:attachment":[{"href":"https:\/\/exkalsa.com\/fr\/wp-json\/wp\/v2\/media?parent=8528"}],"curies":[{"name":"wp","href":"https:\/\/api.w.org\/{rel}","templated":true}]}}