{"id":8529,"date":"2023-09-14T13:11:57","date_gmt":"2023-09-14T13:11:57","guid":{"rendered":"https:\/\/exkalsa.com\/cr-2023\/"},"modified":"2025-09-30T11:29:28","modified_gmt":"2025-09-30T11:29:28","slug":"cr-2025","status":"publish","type":"page","link":"https:\/\/exkalsa.com\/de\/cr-2025\/","title":{"rendered":"C&#038;R 2025"},"content":{"rendered":"\t\t<div data-elementor-type=\"wp-page\" data-elementor-id=\"8529\" class=\"elementor elementor-8529 elementor-8497\" data-elementor-post-type=\"page\">\n\t\t\t\t\t\t<section class=\"elementor-section elementor-top-section elementor-element elementor-element-f352676 elementor-section-boxed elementor-section-height-default elementor-section-height-default\" data-id=\"f352676\" data-element_type=\"section\" data-e-type=\"section\">\n\t\t\t\t\t\t<div class=\"elementor-container elementor-column-gap-default\">\n\t\t\t\t\t<div class=\"elementor-column elementor-col-100 elementor-top-column elementor-element elementor-element-46dd71f\" data-id=\"46dd71f\" data-element_type=\"column\" data-e-type=\"column\">\n\t\t\t<div class=\"elementor-widget-wrap elementor-element-populated\">\n\t\t\t\t\t\t<div class=\"elementor-element elementor-element-4206efe elementor-widget elementor-widget-image\" data-id=\"4206efe\" data-element_type=\"widget\" data-e-type=\"widget\" data-widget_type=\"image.default\">\n\t\t\t\t<div class=\"elementor-widget-container\">\n\t\t\t\t\t\t\t\t\t\t\t\t\t\t\t<img fetchpriority=\"high\" decoding=\"async\" width=\"696\" height=\"102\" src=\"https:\/\/exkalsa.com\/wp-content\/uploads\/2023\/10\/cabecera.jpg\" class=\"attachment-large size-large wp-image-8855\" alt=\"\" srcset=\"https:\/\/exkalsa.com\/wp-content\/uploads\/2023\/10\/cabecera.jpg 696w, https:\/\/exkalsa.com\/wp-content\/uploads\/2023\/10\/cabecera-300x44.jpg 300w\" sizes=\"(max-width: 696px) 100vw, 696px\" \/>\t\t\t\t\t\t\t\t\t\t\t\t\t\t\t<\/div>\n\t\t\t\t<\/div>\n\t\t\t\t\t<\/div>\n\t\t<\/div>\n\t\t\t\t\t<\/div>\n\t\t<\/section>\n\t\t\t\t<section class=\"elementor-section elementor-top-section elementor-element elementor-element-5b87735 elementor-section-boxed elementor-section-height-default elementor-section-height-default\" data-id=\"5b87735\" data-element_type=\"section\" data-e-type=\"section\">\n\t\t\t\t\t\t<div class=\"elementor-container elementor-column-gap-default\">\n\t\t\t\t\t<div class=\"elementor-column elementor-col-100 elementor-top-column elementor-element elementor-element-5c3ef33\" data-id=\"5c3ef33\" data-element_type=\"column\" data-e-type=\"column\" data-settings=\"{&quot;background_background&quot;:&quot;classic&quot;}\">\n\t\t\t<div class=\"elementor-widget-wrap elementor-element-populated\">\n\t\t\t\t\t\t<div class=\"elementor-element elementor-element-e368cb7 elementor-widget elementor-widget-video\" data-id=\"e368cb7\" data-element_type=\"widget\" data-e-type=\"widget\" data-settings=\"{&quot;video_type&quot;:&quot;vimeo&quot;}\" data-widget_type=\"video.default\">\n\t\t\t\t<div class=\"elementor-widget-container\">\n\t\t\t\t\t\t\t<div class=\"elementor-wrapper elementor-open-inline\">\n\t\t\t<iframe class=\"elementor-video-iframe\" allowfullscreen allow=\"clipboard-write\" title=\"vimeo Video Player\" src=\"https:\/\/player.vimeo.com\/video\/1118686179?color&amp;autopause=0&amp;loop=0&amp;muted=0&amp;title=1&amp;portrait=1&amp;byline=1#t=\"><\/iframe>\t\t<\/div>\n\t\t\t\t\t\t<\/div>\n\t\t\t\t<\/div>\n\t\t\t\t\t<\/div>\n\t\t<\/div>\n\t\t\t\t\t<\/div>\n\t\t<\/section>\n\t\t\t\t<section class=\"elementor-section elementor-top-section elementor-element elementor-element-8b42f30 elementor-section-boxed elementor-section-height-default elementor-section-height-default\" data-id=\"8b42f30\" data-element_type=\"section\" data-e-type=\"section\">\n\t\t\t\t\t\t<div class=\"elementor-container elementor-column-gap-default\">\n\t\t\t\t\t<div class=\"elementor-column elementor-col-100 elementor-top-column elementor-element elementor-element-cfad89f\" data-id=\"cfad89f\" data-element_type=\"column\" data-e-type=\"column\">\n\t\t\t<div class=\"elementor-widget-wrap elementor-element-populated\">\n\t\t\t\t\t\t<div class=\"elementor-element elementor-element-5a48623 elementor-invisible elementor-widget elementor-widget-heading\" data-id=\"5a48623\" data-element_type=\"widget\" data-e-type=\"widget\" data-settings=\"{&quot;_animation&quot;:&quot;slideInRight&quot;}\" data-widget_type=\"heading.default\">\n\t\t\t\t<div class=\"elementor-widget-container\">\n\t\t\t\t\t<h1 class=\"elementor-heading-title elementor-size-default\">EXKAL auf<\/h1>\t\t\t\t<\/div>\n\t\t\t\t<\/div>\n\t\t\t\t<div class=\"elementor-element elementor-element-fb99d67 elementor-invisible elementor-widget elementor-widget-heading\" data-id=\"fb99d67\" data-element_type=\"widget\" data-e-type=\"widget\" data-settings=\"{&quot;_animation&quot;:&quot;slideInRight&quot;,&quot;_animation_delay&quot;:300}\" data-widget_type=\"heading.default\">\n\t\t\t\t<div class=\"elementor-widget-container\">\n\t\t\t\t\t<h1 class=\"elementor-heading-title elementor-size-default\">C&amp;R 2025<\/h1>\t\t\t\t<\/div>\n\t\t\t\t<\/div>\n\t\t\t\t<section class=\"elementor-section elementor-inner-section elementor-element elementor-element-2e8b162 elementor-section-boxed elementor-section-height-default elementor-section-height-default\" data-id=\"2e8b162\" data-element_type=\"section\" data-e-type=\"section\">\n\t\t\t\t\t\t<div class=\"elementor-container elementor-column-gap-default\">\n\t\t\t\t\t<div class=\"elementor-column elementor-col-100 elementor-inner-column elementor-element elementor-element-a08f30e\" data-id=\"a08f30e\" data-element_type=\"column\" data-e-type=\"column\">\n\t\t\t<div class=\"elementor-widget-wrap elementor-element-populated\">\n\t\t\t\t\t\t<div class=\"elementor-element elementor-element-786e77e elementor-widget elementor-widget-text-editor\" data-id=\"786e77e\" data-element_type=\"widget\" data-e-type=\"widget\" data-widget_type=\"text-editor.default\">\n\t\t\t\t<div class=\"elementor-widget-container\">\n\t\t\t\t\t\t\t\t\t<p><strong>Vom 18. bis 20. November<\/strong> findet eine neue <strong>Ausgabe der Internationalen Messe C&amp;R statt,<\/strong> der gro\u00dfen internationalen Referenz in <strong>Spanien f\u00fcr Klima- und K\u00e4ltetechnik.<\/strong><\/p>\t\t\t\t\t\t\t\t<\/div>\n\t\t\t\t<\/div>\n\t\t\t\t<div class=\"elementor-element elementor-element-258233f elementor-widget elementor-widget-text-editor\" data-id=\"258233f\" data-element_type=\"widget\" data-e-type=\"widget\" data-widget_type=\"text-editor.default\">\n\t\t\t\t<div class=\"elementor-widget-container\">\n\t\t\t\t\t\t\t\t\t<p>Die C&amp;R ist die wichtigste Fachmesse f\u00fcr die Bereiche Klimaanlagen, Heizung, L\u00fcftung sowie industrielle und gewerbliche K\u00e4ltetechnik. Ein idealer Zeitpunkt und Ort, um sich zu treffen und \u00fcber die Fortschritte in diesem Sektor zu sprechen, der sich durch technologische Innovationskraft und Engagement f\u00fcr Nachhaltigkeit und Energieeffizienz auszeichnet.<\/p>\t\t\t\t\t\t\t\t<\/div>\n\t\t\t\t<\/div>\n\t\t\t\t<div class=\"elementor-element elementor-element-74b4985 elementor-widget elementor-widget-text-editor\" data-id=\"74b4985\" data-element_type=\"widget\" data-e-type=\"widget\" data-widget_type=\"text-editor.default\">\n\t\t\t\t<div class=\"elementor-widget-container\">\n\t\t\t\t\t\t\t\t\t<p>Sie finden uns am <strong>Stand 5A14 in Halle 5<\/strong> und freuen uns auf Ihren Besuch.<\/p>\t\t\t\t\t\t\t\t<\/div>\n\t\t\t\t<\/div>\n\t\t\t\t\t<\/div>\n\t\t<\/div>\n\t\t\t\t\t<\/div>\n\t\t<\/section>\n\t\t\t\t\t<\/div>\n\t\t<\/div>\n\t\t\t\t\t<\/div>\n\t\t<\/section>\n\t\t\t\t<section class=\"elementor-section elementor-top-section elementor-element elementor-element-e2cead8 elementor-section-boxed elementor-section-height-default elementor-section-height-default\" data-id=\"e2cead8\" data-element_type=\"section\" data-e-type=\"section\">\n\t\t\t\t\t\t<div class=\"elementor-container elementor-column-gap-default\">\n\t\t\t\t\t<div class=\"elementor-column elementor-col-100 elementor-top-column elementor-element elementor-element-0d7e7ad\" data-id=\"0d7e7ad\" data-element_type=\"column\" data-e-type=\"column\">\n\t\t\t<div class=\"elementor-widget-wrap elementor-element-populated\">\n\t\t\t\t\t\t<div class=\"elementor-element elementor-element-7faf5e0 elementor-widget elementor-widget-image\" data-id=\"7faf5e0\" data-element_type=\"widget\" data-e-type=\"widget\" data-widget_type=\"image.default\">\n\t\t\t\t<div class=\"elementor-widget-container\">\n\t\t\t\t\t\t\t\t\t\t\t\t\t\t\t<img decoding=\"async\" width=\"1200\" height=\"545\" src=\"https:\/\/exkalsa.com\/wp-content\/uploads\/2025\/09\/Plano.jpg\" class=\"attachment-full size-full wp-image-12440\" alt=\"\" srcset=\"https:\/\/exkalsa.com\/wp-content\/uploads\/2025\/09\/Plano.jpg 1200w, https:\/\/exkalsa.com\/wp-content\/uploads\/2025\/09\/Plano-300x136.jpg 300w, https:\/\/exkalsa.com\/wp-content\/uploads\/2025\/09\/Plano-1024x465.jpg 1024w, https:\/\/exkalsa.com\/wp-content\/uploads\/2025\/09\/Plano-768x349.jpg 768w\" sizes=\"(max-width: 1200px) 100vw, 1200px\" \/>\t\t\t\t\t\t\t\t\t\t\t\t\t\t\t<\/div>\n\t\t\t\t<\/div>\n\t\t\t\t\t<\/div>\n\t\t<\/div>\n\t\t\t\t\t<\/div>\n\t\t<\/section>\n\t\t\t\t<section class=\"elementor-section elementor-top-section elementor-element elementor-element-8d90b49 elementor-section-boxed elementor-section-height-default elementor-section-height-default\" data-id=\"8d90b49\" data-element_type=\"section\" data-e-type=\"section\">\n\t\t\t\t\t\t<div class=\"elementor-container elementor-column-gap-default\">\n\t\t\t\t\t<div class=\"elementor-column elementor-col-100 elementor-top-column elementor-element elementor-element-aeb2905\" data-id=\"aeb2905\" data-element_type=\"column\" data-e-type=\"column\">\n\t\t\t<div class=\"elementor-widget-wrap elementor-element-populated\">\n\t\t\t\t\t\t<div class=\"elementor-element elementor-element-9f54304 elementor-widget elementor-widget-heading\" data-id=\"9f54304\" data-element_type=\"widget\" data-e-type=\"widget\" data-widget_type=\"heading.default\">\n\t\t\t\t<div class=\"elementor-widget-container\">\n\t\t\t\t\t<h3 class=\"elementor-heading-title elementor-size-default\">M\u00f6chten Sie ein Treffen vereinbaren?<\/h3>\t\t\t\t<\/div>\n\t\t\t\t<\/div>\n\t\t\t\t<div class=\"elementor-element elementor-element-95aafbc elementor-widget elementor-widget-text-editor\" data-id=\"95aafbc\" data-element_type=\"widget\" data-e-type=\"widget\" data-widget_type=\"text-editor.default\">\n\t\t\t\t<div class=\"elementor-widget-container\">\n\t\t\t\t\t\t\t\t\t<p><code><iframe src=\"https:\/\/exkalsa.com\/de\/wp-json\/ssa\/v1\/embed-inner?integration&#038;type=cr-2025&#038;label&#038;types=1&#038;edit&#038;view&#038;payment_provider&#038;ssa_locale=de_DE&#038;ssa_is_rtl&#038;sid=024b61b7e8cd3cfa45fd9fe38106e1cd40fb8a1e&#038;availability_start_date&#038;availability_end_date&#038;suggest_first_available&#038;suggest_first_available_within_minutes&#038;flow&#038;fallback_flow&#038;time_view&#038;date_view&#038;appointment_types_view&#038;version&#038;accent_color&#038;background&#038;padding&#038;font&#038;booking_url=https%3A%2F%2Fexkalsa.com%2Fde%2Fcr-2025%2F&#038;booking_post_id=8529&#038;booking_title=C%26%23038%3BR+2025&#038;_wpnonce=fbd9e21026&#038;redirect_post_id&#038;mepr_membership_id#\/\" height=\"400px\" width=\"100%\" name=\"ssa_booking\" loading=\"eager\" frameborder=\"0\" data-skip-lazy=\"1\" class=\"ssa_booking_iframe skip-lazy\" title=\"Buche eine Uhrzeit\"><\/iframe><\/code><\/p>\t\t\t\t\t\t\t\t<\/div>\n\t\t\t\t<\/div>\n\t\t\t\t\t<\/div>\n\t\t<\/div>\n\t\t\t\t\t<\/div>\n\t\t<\/section>\n\t\t\t\t<\/div>\n\t\t","protected":false},"excerpt":{"rendered":"<p>EXKAL auf C&amp;R 2025 Vom 18. bis 20. November findet eine neue Ausgabe der Internationalen Messe C&amp;R statt, der gro\u00dfen internationalen Referenz in Spanien f\u00fcr Klima- und K\u00e4ltetechnik. Die C&amp;R ist die wichtigste Fachmesse f\u00fcr die Bereiche Klimaanlagen, Heizung, L\u00fcftung sowie industrielle und gewerbliche K\u00e4ltetechnik. Ein idealer Zeitpunkt und Ort, um sich zu treffen und [&hellip;]<\/p>\n","protected":false},"author":2,"featured_media":0,"parent":0,"menu_order":0,"comment_status":"closed","ping_status":"closed","template":"elementor_header_footer","meta":{"footnotes":""},"class_list":["post-8529","page","type-page","status-publish","hentry"],"yoast_head":"<!-- This site is optimized with the Yoast SEO plugin v27.1.1 - https:\/\/yoast.com\/product\/yoast-seo-wordpress\/ -->\n<title>C&amp;R 2025 - Exkal<\/title>\n<meta name=\"robots\" content=\"index, follow, max-snippet:-1, max-image-preview:large, max-video-preview:-1\" \/>\n<link rel=\"canonical\" href=\"https:\/\/exkalsa.com\/de\/cr-2025\/\" \/>\n<meta property=\"og:locale\" content=\"de_DE\" \/>\n<meta property=\"og:type\" content=\"article\" \/>\n<meta property=\"og:title\" content=\"C&amp;R 2025 - Exkal\" \/>\n<meta property=\"og:description\" content=\"EXKAL auf C&amp;R 2025 Vom 18. bis 20. November findet eine neue Ausgabe der Internationalen Messe C&amp;R statt, der gro\u00dfen internationalen Referenz in Spanien f\u00fcr Klima- und K\u00e4ltetechnik. Die C&amp;R ist die wichtigste Fachmesse f\u00fcr die Bereiche Klimaanlagen, Heizung, L\u00fcftung sowie industrielle und gewerbliche K\u00e4ltetechnik. Ein idealer Zeitpunkt und Ort, um sich zu treffen und [&hellip;]\" \/>\n<meta property=\"og:url\" content=\"https:\/\/exkalsa.com\/de\/cr-2025\/\" \/>\n<meta property=\"og:site_name\" content=\"Exkal\" \/>\n<meta property=\"article:modified_time\" content=\"2025-09-30T11:29:28+00:00\" \/>\n<meta property=\"og:image\" content=\"https:\/\/exkalsa.com\/wp-content\/uploads\/2023\/10\/cabecera.jpg\" \/>\n\t<meta property=\"og:image:width\" content=\"696\" \/>\n\t<meta property=\"og:image:height\" content=\"102\" \/>\n\t<meta property=\"og:image:type\" content=\"image\/jpeg\" \/>\n<meta name=\"twitter:card\" content=\"summary_large_image\" \/>\n<meta name=\"twitter:label1\" content=\"Gesch\u00e4tzte Lesezeit\" \/>\n\t<meta name=\"twitter:data1\" content=\"1\u00a0Minute\" \/>\n<script type=\"application\/ld+json\" class=\"yoast-schema-graph\">{\"@context\":\"https:\/\/schema.org\",\"@graph\":[{\"@type\":\"WebPage\",\"@id\":\"https:\/\/exkalsa.com\/de\/cr-2025\/\",\"url\":\"https:\/\/exkalsa.com\/de\/cr-2025\/\",\"name\":\"C&R 2025 - Exkal\",\"isPartOf\":{\"@id\":\"https:\/\/exkalsa.com\/de\/#website\"},\"primaryImageOfPage\":{\"@id\":\"https:\/\/exkalsa.com\/de\/cr-2025\/#primaryimage\"},\"image\":{\"@id\":\"https:\/\/exkalsa.com\/de\/cr-2025\/#primaryimage\"},\"thumbnailUrl\":\"https:\/\/exkalsa.com\/wp-content\/uploads\/2023\/10\/cabecera.jpg\",\"datePublished\":\"2023-09-14T13:11:57+00:00\",\"dateModified\":\"2025-09-30T11:29:28+00:00\",\"inLanguage\":\"de\",\"potentialAction\":[{\"@type\":\"ReadAction\",\"target\":[\"https:\/\/exkalsa.com\/de\/cr-2025\/\"]}]},{\"@type\":\"ImageObject\",\"inLanguage\":\"de\",\"@id\":\"https:\/\/exkalsa.com\/de\/cr-2025\/#primaryimage\",\"url\":\"https:\/\/exkalsa.com\/wp-content\/uploads\/2023\/10\/cabecera.jpg\",\"contentUrl\":\"https:\/\/exkalsa.com\/wp-content\/uploads\/2023\/10\/cabecera.jpg\"},{\"@type\":\"WebSite\",\"@id\":\"https:\/\/exkalsa.com\/de\/#website\",\"url\":\"https:\/\/exkalsa.com\/de\/\",\"name\":\"Exkal\",\"description\":\"\",\"potentialAction\":[{\"@type\":\"SearchAction\",\"target\":{\"@type\":\"EntryPoint\",\"urlTemplate\":\"https:\/\/exkalsa.com\/de\/?s={search_term_string}\"},\"query-input\":{\"@type\":\"PropertyValueSpecification\",\"valueRequired\":true,\"valueName\":\"search_term_string\"}}],\"inLanguage\":\"de\"}]}<\/script>\n<!-- \/ Yoast SEO plugin. -->","yoast_head_json":{"title":"C&R 2025 - Exkal","robots":{"index":"index","follow":"follow","max-snippet":"max-snippet:-1","max-image-preview":"max-image-preview:large","max-video-preview":"max-video-preview:-1"},"canonical":"https:\/\/exkalsa.com\/de\/cr-2025\/","og_locale":"de_DE","og_type":"article","og_title":"C&R 2025 - Exkal","og_description":"EXKAL auf C&amp;R 2025 Vom 18. bis 20. November findet eine neue Ausgabe der Internationalen Messe C&amp;R statt, der gro\u00dfen internationalen Referenz in Spanien f\u00fcr Klima- und K\u00e4ltetechnik. Die C&amp;R ist die wichtigste Fachmesse f\u00fcr die Bereiche Klimaanlagen, Heizung, L\u00fcftung sowie industrielle und gewerbliche K\u00e4ltetechnik. Ein idealer Zeitpunkt und Ort, um sich zu treffen und [&hellip;]","og_url":"https:\/\/exkalsa.com\/de\/cr-2025\/","og_site_name":"Exkal","article_modified_time":"2025-09-30T11:29:28+00:00","og_image":[{"width":696,"height":102,"url":"https:\/\/exkalsa.com\/wp-content\/uploads\/2023\/10\/cabecera.jpg","type":"image\/jpeg"}],"twitter_card":"summary_large_image","twitter_misc":{"Gesch\u00e4tzte Lesezeit":"1\u00a0Minute"},"schema":{"@context":"https:\/\/schema.org","@graph":[{"@type":"WebPage","@id":"https:\/\/exkalsa.com\/de\/cr-2025\/","url":"https:\/\/exkalsa.com\/de\/cr-2025\/","name":"C&R 2025 - Exkal","isPartOf":{"@id":"https:\/\/exkalsa.com\/de\/#website"},"primaryImageOfPage":{"@id":"https:\/\/exkalsa.com\/de\/cr-2025\/#primaryimage"},"image":{"@id":"https:\/\/exkalsa.com\/de\/cr-2025\/#primaryimage"},"thumbnailUrl":"https:\/\/exkalsa.com\/wp-content\/uploads\/2023\/10\/cabecera.jpg","datePublished":"2023-09-14T13:11:57+00:00","dateModified":"2025-09-30T11:29:28+00:00","inLanguage":"de","potentialAction":[{"@type":"ReadAction","target":["https:\/\/exkalsa.com\/de\/cr-2025\/"]}]},{"@type":"ImageObject","inLanguage":"de","@id":"https:\/\/exkalsa.com\/de\/cr-2025\/#primaryimage","url":"https:\/\/exkalsa.com\/wp-content\/uploads\/2023\/10\/cabecera.jpg","contentUrl":"https:\/\/exkalsa.com\/wp-content\/uploads\/2023\/10\/cabecera.jpg"},{"@type":"WebSite","@id":"https:\/\/exkalsa.com\/de\/#website","url":"https:\/\/exkalsa.com\/de\/","name":"Exkal","description":"","potentialAction":[{"@type":"SearchAction","target":{"@type":"EntryPoint","urlTemplate":"https:\/\/exkalsa.com\/de\/?s={search_term_string}"},"query-input":{"@type":"PropertyValueSpecification","valueRequired":true,"valueName":"search_term_string"}}],"inLanguage":"de"}]}},"_links":{"self":[{"href":"https:\/\/exkalsa.com\/de\/wp-json\/wp\/v2\/pages\/8529","targetHints":{"allow":["GET"]}}],"collection":[{"href":"https:\/\/exkalsa.com\/de\/wp-json\/wp\/v2\/pages"}],"about":[{"href":"https:\/\/exkalsa.com\/de\/wp-json\/wp\/v2\/types\/page"}],"author":[{"embeddable":true,"href":"https:\/\/exkalsa.com\/de\/wp-json\/wp\/v2\/users\/2"}],"replies":[{"embeddable":true,"href":"https:\/\/exkalsa.com\/de\/wp-json\/wp\/v2\/comments?post=8529"}],"version-history":[{"count":48,"href":"https:\/\/exkalsa.com\/de\/wp-json\/wp\/v2\/pages\/8529\/revisions"}],"predecessor-version":[{"id":12694,"href":"https:\/\/exkalsa.com\/de\/wp-json\/wp\/v2\/pages\/8529\/revisions\/12694"}],"wp:attachment":[{"href":"https:\/\/exkalsa.com\/de\/wp-json\/wp\/v2\/media?parent=8529"}],"curies":[{"name":"wp","href":"https:\/\/api.w.org\/{rel}","templated":true}]}}