{"id":3646,"date":"2023-05-11T14:48:36","date_gmt":"2023-05-11T14:48:36","guid":{"rendered":"https:\/\/exkalsa.com\/?page_id=3646"},"modified":"2025-09-02T08:26:45","modified_gmt":"2025-09-02T08:26:45","slug":"csr-leistung","status":"publish","type":"page","link":"https:\/\/exkalsa.com\/de\/nachhaltigkeit\/csr-leistung\/","title":{"rendered":"CSR Leistung"},"content":{"rendered":"\t\t<div data-elementor-type=\"wp-page\" data-elementor-id=\"3646\" class=\"elementor elementor-3646 elementor-3429\" data-elementor-post-type=\"page\">\n\t\t\t\t\t\t<section class=\"elementor-section elementor-top-section elementor-element elementor-element-d77ce82 elementor-section-boxed elementor-section-height-default elementor-section-height-default\" data-id=\"d77ce82\" data-element_type=\"section\" data-e-type=\"section\">\n\t\t\t\t\t\t<div class=\"elementor-container elementor-column-gap-no\">\n\t\t\t\t\t<div class=\"elementor-column elementor-col-100 elementor-top-column elementor-element elementor-element-fbd77be\" data-id=\"fbd77be\" data-element_type=\"column\" data-e-type=\"column\">\n\t\t\t<div class=\"elementor-widget-wrap elementor-element-populated\">\n\t\t\t\t\t\t<div class=\"elementor-element elementor-element-4504ef6 elementor-icon-list--layout-inline migas-widget elementor-list-item-link-full_width elementor-widget elementor-widget-icon-list\" data-id=\"4504ef6\" data-element_type=\"widget\" data-e-type=\"widget\" data-widget_type=\"icon-list.default\">\n\t\t\t\t<div class=\"elementor-widget-container\">\n\t\t\t\t\t\t\t<ul class=\"elementor-icon-list-items elementor-inline-items\">\n\t\t\t\t\t\t\t<li class=\"elementor-icon-list-item elementor-inline-item\">\n\t\t\t\t\t\t\t\t\t\t\t<a href=\"\/\">\n\n\t\t\t\t\t\t\t\t\t\t\t<span class=\"elementor-icon-list-text\">Home<\/span>\n\t\t\t\t\t\t\t\t\t\t\t<\/a>\n\t\t\t\t\t\t\t\t\t<\/li>\n\t\t\t\t\t\t\t\t<li class=\"elementor-icon-list-item elementor-inline-item\">\n\t\t\t\t\t\t\t\t\t\t\t<a href=\"\/sostenibilidad\/\">\n\n\t\t\t\t\t\t\t\t\t\t\t<span class=\"elementor-icon-list-text\">Sostenibilidad<\/span>\n\t\t\t\t\t\t\t\t\t\t\t<\/a>\n\t\t\t\t\t\t\t\t\t<\/li>\n\t\t\t\t\t\t\t\t<li class=\"elementor-icon-list-item elementor-inline-item\">\n\t\t\t\t\t\t\t\t\t\t\t<a href=\"\/sostenibilidad\/desempenos-rse\/\">\n\n\t\t\t\t\t\t\t\t\t\t\t<span class=\"elementor-icon-list-text\"><span>Desempe\u00f1os RSE<\/span><\/span>\n\t\t\t\t\t\t\t\t\t\t\t<\/a>\n\t\t\t\t\t\t\t\t\t<\/li>\n\t\t\t\t\t\t<\/ul>\n\t\t\t\t\t\t<\/div>\n\t\t\t\t<\/div>\n\t\t\t\t\t<\/div>\n\t\t<\/div>\n\t\t\t\t\t<\/div>\n\t\t<\/section>\n\t\t\t\t<section class=\"elementor-section elementor-top-section elementor-element elementor-element-6d060f7 elementor-section-boxed elementor-section-height-default elementor-section-height-default\" data-id=\"6d060f7\" data-element_type=\"section\" data-e-type=\"section\">\n\t\t\t\t\t\t<div class=\"elementor-container elementor-column-gap-default\">\n\t\t\t\t\t<div class=\"elementor-column elementor-col-50 elementor-top-column elementor-element elementor-element-4e65978\" data-id=\"4e65978\" data-element_type=\"column\" data-e-type=\"column\">\n\t\t\t<div class=\"elementor-widget-wrap elementor-element-populated\">\n\t\t\t\t\t\t<div class=\"elementor-element elementor-element-3c95da3 elementor-invisible elementor-widget elementor-widget-heading\" data-id=\"3c95da3\" data-element_type=\"widget\" data-e-type=\"widget\" data-settings=\"{&quot;_animation&quot;:&quot;slideInRight&quot;}\" data-widget_type=\"heading.default\">\n\t\t\t\t<div class=\"elementor-widget-container\">\n\t\t\t\t\t<h1 class=\"elementor-heading-title elementor-size-default\">Leistung<\/h1>\t\t\t\t<\/div>\n\t\t\t\t<\/div>\n\t\t\t\t<div class=\"elementor-element elementor-element-46db1f6 elementor-invisible elementor-widget elementor-widget-heading\" data-id=\"46db1f6\" data-element_type=\"widget\" data-e-type=\"widget\" data-settings=\"{&quot;_animation&quot;:&quot;slideInRight&quot;,&quot;_animation_delay&quot;:300}\" data-widget_type=\"heading.default\">\n\t\t\t\t<div class=\"elementor-widget-container\">\n\t\t\t\t\t<h1 class=\"elementor-heading-title elementor-size-default\">CSR<\/h1>\t\t\t\t<\/div>\n\t\t\t\t<\/div>\n\t\t\t\t<section class=\"elementor-section elementor-inner-section elementor-element elementor-element-73d690b elementor-section-boxed elementor-section-height-default elementor-section-height-default\" data-id=\"73d690b\" data-element_type=\"section\" data-e-type=\"section\">\n\t\t\t\t\t\t<div class=\"elementor-container elementor-column-gap-default\">\n\t\t\t\t\t<div class=\"elementor-column elementor-col-100 elementor-inner-column elementor-element elementor-element-3c6cd17\" data-id=\"3c6cd17\" data-element_type=\"column\" data-e-type=\"column\">\n\t\t\t<div class=\"elementor-widget-wrap elementor-element-populated\">\n\t\t\t\t\t\t<div class=\"elementor-element elementor-element-1433d01 elementor-widget elementor-widget-text-editor\" data-id=\"1433d01\" data-element_type=\"widget\" data-e-type=\"widget\" data-widget_type=\"text-editor.default\">\n\t\t\t\t<div class=\"elementor-widget-container\">\n\t\t\t\t\t\t\t\t\t<p>Mit der Vorstellung unserer\u00a0<a href=\"https:\/\/exkalsa.com\/wp-content\/uploads\/2025\/09\/Memoria-RSC_2020_Exkal_ENG-V2_red.pdf\"><strong><em><u>Leistung im Bereich der sozialen Verantwortung von Uternehmen (CSR)\u00a0<\/u><\/em><\/strong><\/a>m\u00f6chten wir unsere Arbeitsweise und unser Engagement f\u00fcr ein Gesch\u00e4ftsmodell teilen, das die langfristige Nachhaltigkeit als Richtschnur f\u00fcr unser Handeln festlegt.<\/p>\t\t\t\t\t\t\t\t<\/div>\n\t\t\t\t<\/div>\n\t\t\t\t\t<\/div>\n\t\t<\/div>\n\t\t\t\t\t<\/div>\n\t\t<\/section>\n\t\t\t\t\t<\/div>\n\t\t<\/div>\n\t\t\t\t<div class=\"elementor-column elementor-col-50 elementor-top-column elementor-element elementor-element-9172831 elementor-hidden-tablet elementor-hidden-mobile\" data-id=\"9172831\" data-element_type=\"column\" data-e-type=\"column\">\n\t\t\t<div class=\"elementor-widget-wrap elementor-element-populated\">\n\t\t\t\t\t\t<div class=\"elementor-element elementor-element-c80bc42 elementor-absolute elementor-invisible elementor-widget elementor-widget-image\" data-id=\"c80bc42\" data-element_type=\"widget\" data-e-type=\"widget\" data-settings=\"{&quot;motion_fx_motion_fx_scrolling&quot;:&quot;yes&quot;,&quot;_animation&quot;:&quot;slideInUp&quot;,&quot;_position&quot;:&quot;absolute&quot;,&quot;motion_fx_devices&quot;:[&quot;desktop&quot;,&quot;tablet&quot;,&quot;mobile&quot;]}\" data-widget_type=\"image.default\">\n\t\t\t\t<div class=\"elementor-widget-container\">\n\t\t\t\t\t\t\t\t\t\t\t\t\t\t\t<img fetchpriority=\"high\" decoding=\"async\" width=\"784\" height=\"518\" src=\"https:\/\/exkalsa.com\/wp-content\/uploads\/2023\/05\/photo.jpg\" class=\"attachment-large size-large wp-image-3434\" alt=\"\" srcset=\"https:\/\/exkalsa.com\/wp-content\/uploads\/2023\/05\/photo.jpg 784w, https:\/\/exkalsa.com\/wp-content\/uploads\/2023\/05\/photo-300x198.jpg 300w, https:\/\/exkalsa.com\/wp-content\/uploads\/2023\/05\/photo-768x507.jpg 768w\" sizes=\"(max-width: 784px) 100vw, 784px\" \/>\t\t\t\t\t\t\t\t\t\t\t\t\t\t\t<\/div>\n\t\t\t\t<\/div>\n\t\t\t\t<div class=\"elementor-element elementor-element-28196a3 elementor-absolute elementor-invisible elementor-widget elementor-widget-image\" data-id=\"28196a3\" data-element_type=\"widget\" data-e-type=\"widget\" data-settings=\"{&quot;motion_fx_motion_fx_scrolling&quot;:&quot;yes&quot;,&quot;_animation&quot;:&quot;slideInUp&quot;,&quot;_position&quot;:&quot;absolute&quot;,&quot;motion_fx_translateY_speed&quot;:{&quot;unit&quot;:&quot;px&quot;,&quot;size&quot;:1,&quot;sizes&quot;:[]},&quot;motion_fx_translateY_effect&quot;:&quot;yes&quot;,&quot;motion_fx_translateY_direction&quot;:&quot;negative&quot;,&quot;motion_fx_translateY_affectedRange&quot;:{&quot;unit&quot;:&quot;%&quot;,&quot;size&quot;:&quot;&quot;,&quot;sizes&quot;:{&quot;start&quot;:0,&quot;end&quot;:100}},&quot;motion_fx_devices&quot;:[&quot;desktop&quot;,&quot;tablet&quot;,&quot;mobile&quot;]}\" data-widget_type=\"image.default\">\n\t\t\t\t<div class=\"elementor-widget-container\">\n\t\t\t\t\t\t\t\t\t\t\t\t\t\t\t<img decoding=\"async\" width=\"334\" height=\"299\" src=\"https:\/\/exkalsa.com\/wp-content\/uploads\/2023\/05\/rect-azul.png\" class=\"attachment-large size-large wp-image-3095\" alt=\"\" srcset=\"https:\/\/exkalsa.com\/wp-content\/uploads\/2023\/05\/rect-azul.png 334w, https:\/\/exkalsa.com\/wp-content\/uploads\/2023\/05\/rect-azul-300x269.png 300w\" sizes=\"(max-width: 334px) 100vw, 334px\" \/>\t\t\t\t\t\t\t\t\t\t\t\t\t\t\t<\/div>\n\t\t\t\t<\/div>\n\t\t\t\t\t<\/div>\n\t\t<\/div>\n\t\t\t\t\t<\/div>\n\t\t<\/section>\n\t\t\t\t<section class=\"elementor-section elementor-top-section elementor-element elementor-element-28fe58f elementor-section-boxed elementor-section-height-default elementor-section-height-default\" data-id=\"28fe58f\" data-element_type=\"section\" data-e-type=\"section\">\n\t\t\t\t\t\t<div class=\"elementor-container elementor-column-gap-custom\">\n\t\t\t\t\t<div class=\"elementor-column elementor-col-100 elementor-top-column elementor-element elementor-element-9c6f8a2\" data-id=\"9c6f8a2\" data-element_type=\"column\" data-e-type=\"column\">\n\t\t\t<div class=\"elementor-widget-wrap elementor-element-populated\">\n\t\t\t\t\t\t<section class=\"elementor-section elementor-inner-section elementor-element elementor-element-d029f4c elementor-section-boxed elementor-section-height-default elementor-section-height-default\" data-id=\"d029f4c\" data-element_type=\"section\" data-e-type=\"section\">\n\t\t\t\t\t\t<div class=\"elementor-container elementor-column-gap-default\">\n\t\t\t\t\t<div class=\"elementor-column elementor-col-50 elementor-inner-column elementor-element elementor-element-dbbb952\" data-id=\"dbbb952\" data-element_type=\"column\" data-e-type=\"column\">\n\t\t\t<div class=\"elementor-widget-wrap elementor-element-populated\">\n\t\t\t\t\t\t<div class=\"elementor-element elementor-element-20c9879 elementor-widget elementor-widget-heading\" data-id=\"20c9879\" data-element_type=\"widget\" data-e-type=\"widget\" data-widget_type=\"heading.default\">\n\t\t\t\t<div class=\"elementor-widget-container\">\n\t\t\t\t\t<h2 class=\"elementor-heading-title elementor-size-default\">CSR ist ein <span style=\"color: #009cde\">wirksames Instrument<\/span>   zur Verbesserung unserer Wettbewerbsf\u00e4higkeit und unseres Managements.<\/h2>\t\t\t\t<\/div>\n\t\t\t\t<\/div>\n\t\t\t\t\t<\/div>\n\t\t<\/div>\n\t\t\t\t<div class=\"elementor-column elementor-col-50 elementor-inner-column elementor-element elementor-element-bdd906d\" data-id=\"bdd906d\" data-element_type=\"column\" data-e-type=\"column\">\n\t\t\t<div class=\"elementor-widget-wrap elementor-element-populated\">\n\t\t\t\t\t\t<div class=\"elementor-element elementor-element-833a029 elementor-absolute elementor-widget elementor-widget-image\" data-id=\"833a029\" data-element_type=\"widget\" data-e-type=\"widget\" data-settings=\"{&quot;_position&quot;:&quot;absolute&quot;}\" data-widget_type=\"image.default\">\n\t\t\t\t<div class=\"elementor-widget-container\">\n\t\t\t\t\t\t\t\t\t\t\t\t\t\t\t<img decoding=\"async\" width=\"123\" height=\"102\" src=\"https:\/\/exkalsa.com\/wp-content\/uploads\/2023\/05\/down-arrow.png\" class=\"attachment-large size-large wp-image-3442\" alt=\"\" \/>\t\t\t\t\t\t\t\t\t\t\t\t\t\t\t<\/div>\n\t\t\t\t<\/div>\n\t\t\t\t<div class=\"elementor-element elementor-element-3a80430 elementor-widget elementor-widget-text-editor\" data-id=\"3a80430\" data-element_type=\"widget\" data-e-type=\"widget\" data-widget_type=\"text-editor.default\">\n\t\t\t\t<div class=\"elementor-widget-container\">\n\t\t\t\t\t\t\t\t\t<p>Die Daten in diesem Dokument best\u00e4tigen, dass CSR ein wirksames Instrument zur Verbesserung unserer Wettbewerbsf\u00e4higkeit und unseres Managements ist. Zudem erm\u00f6glicht es uns, Chancen zur Entwicklung innovativer Produkte und Dienstleistungen zu ergreifen, die zur Erreichung der von den Vereinten Nationen festgestellten nachhaltige Entwicklung beitragen.<\/p>\t\t\t\t\t\t\t\t<\/div>\n\t\t\t\t<\/div>\n\t\t\t\t<div class=\"elementor-element elementor-element-f5fc980 elementor-widget elementor-widget-text-editor\" data-id=\"f5fc980\" data-element_type=\"widget\" data-e-type=\"widget\" data-widget_type=\"text-editor.default\">\n\t\t\t\t<div class=\"elementor-widget-container\">\n\t\t\t\t\t\t\t\t\t<p>Wir sind der festen \u00dcberzeugung, dass ein nachhaltiges Management unserer Wertsch\u00f6pfungskette es uns erm\u00f6glicht, den Herausforderungen in einem sich wandelnden Markt mit positiven Perspektiven entgegenzutreten, unser Risiko zu verringern und unsere Wettbewerbsf\u00e4higkeit zu verbessern. Dieses Dokument enth\u00e4lt nicht nur Aspekte, die wir f\u00fcr besonders bemerkenswert halten, sondern es setzt auch schwarz auf wei\u00df unser festes Bekenntnis zu Werten und Managementformen, mit den wir uns voll und ganz identifizieren.<\/p>\t\t\t\t\t\t\t\t<\/div>\n\t\t\t\t<\/div>\n\t\t\t\t<div class=\"elementor-element elementor-element-34a971a elementor-widget elementor-widget-text-editor\" data-id=\"34a971a\" data-element_type=\"widget\" data-e-type=\"widget\" data-widget_type=\"text-editor.default\">\n\t\t\t\t<div class=\"elementor-widget-container\">\n\t\t\t\t\t\t\t\t\t<p>Wir laden alle unsere Stakeholder ein, dieses Dokument zu lesen und w\u00fcrden uns \u00fcber ihre Kommentare und Beitr\u00e4ge freuen.<\/p>\t\t\t\t\t\t\t\t<\/div>\n\t\t\t\t<\/div>\n\t\t\t\t\t<\/div>\n\t\t<\/div>\n\t\t\t\t\t<\/div>\n\t\t<\/section>\n\t\t\t\t\t<\/div>\n\t\t<\/div>\n\t\t\t\t\t<\/div>\n\t\t<\/section>\n\t\t\t\t<\/div>\n\t\t","protected":false},"excerpt":{"rendered":"<p>Home Sostenibilidad Desempe\u00f1os RSE Leistung CSR Mit der Vorstellung unserer\u00a0Leistung im Bereich der sozialen Verantwortung von Uternehmen (CSR)\u00a0m\u00f6chten wir unsere Arbeitsweise und unser Engagement f\u00fcr ein Gesch\u00e4ftsmodell teilen, das die langfristige Nachhaltigkeit als Richtschnur f\u00fcr unser Handeln festlegt. CSR ist ein wirksames Instrument zur Verbesserung unserer Wettbewerbsf\u00e4higkeit und unseres Managements. Die Daten in diesem Dokument [&hellip;]<\/p>\n","protected":false},"author":2,"featured_media":0,"parent":3637,"menu_order":0,"comment_status":"closed","ping_status":"closed","template":"elementor_header_footer","meta":{"footnotes":""},"class_list":["post-3646","page","type-page","status-publish","hentry"],"yoast_head":"<!-- This site is optimized with the Yoast SEO plugin v27.1.1 - https:\/\/yoast.com\/product\/yoast-seo-wordpress\/ -->\n<title>CSR Leistung - Exkal<\/title>\n<meta name=\"robots\" content=\"index, follow, max-snippet:-1, max-image-preview:large, max-video-preview:-1\" \/>\n<link rel=\"canonical\" href=\"https:\/\/exkalsa.com\/de\/nachhaltigkeit\/csr-leistung\/\" \/>\n<meta property=\"og:locale\" content=\"de_DE\" \/>\n<meta property=\"og:type\" content=\"article\" \/>\n<meta property=\"og:title\" content=\"CSR Leistung - Exkal\" \/>\n<meta property=\"og:description\" content=\"Home Sostenibilidad Desempe\u00f1os RSE Leistung CSR Mit der Vorstellung unserer\u00a0Leistung im Bereich der sozialen Verantwortung von Uternehmen (CSR)\u00a0m\u00f6chten wir unsere Arbeitsweise und unser Engagement f\u00fcr ein Gesch\u00e4ftsmodell teilen, das die langfristige Nachhaltigkeit als Richtschnur f\u00fcr unser Handeln festlegt. CSR ist ein wirksames Instrument zur Verbesserung unserer Wettbewerbsf\u00e4higkeit und unseres Managements. Die Daten in diesem Dokument [&hellip;]\" \/>\n<meta property=\"og:url\" content=\"https:\/\/exkalsa.com\/de\/nachhaltigkeit\/csr-leistung\/\" \/>\n<meta property=\"og:site_name\" content=\"Exkal\" \/>\n<meta property=\"article:modified_time\" content=\"2025-09-02T08:26:45+00:00\" \/>\n<meta property=\"og:image\" content=\"https:\/\/exkalsa.com\/wp-content\/uploads\/2023\/05\/photo.jpg\" \/>\n\t<meta property=\"og:image:width\" content=\"784\" \/>\n\t<meta property=\"og:image:height\" content=\"518\" \/>\n\t<meta property=\"og:image:type\" content=\"image\/jpeg\" \/>\n<meta name=\"twitter:card\" content=\"summary_large_image\" \/>\n<meta name=\"twitter:label1\" content=\"Gesch\u00e4tzte Lesezeit\" \/>\n\t<meta name=\"twitter:data1\" content=\"2\u00a0Minuten\" \/>\n<script type=\"application\/ld+json\" class=\"yoast-schema-graph\">{\"@context\":\"https:\/\/schema.org\",\"@graph\":[{\"@type\":\"WebPage\",\"@id\":\"https:\/\/exkalsa.com\/de\/nachhaltigkeit\/csr-leistung\/\",\"url\":\"https:\/\/exkalsa.com\/de\/nachhaltigkeit\/csr-leistung\/\",\"name\":\"CSR Leistung - Exkal\",\"isPartOf\":{\"@id\":\"https:\/\/exkalsa.com\/de\/#website\"},\"primaryImageOfPage\":{\"@id\":\"https:\/\/exkalsa.com\/de\/nachhaltigkeit\/csr-leistung\/#primaryimage\"},\"image\":{\"@id\":\"https:\/\/exkalsa.com\/de\/nachhaltigkeit\/csr-leistung\/#primaryimage\"},\"thumbnailUrl\":\"https:\/\/exkalsa.com\/wp-content\/uploads\/2023\/05\/photo.jpg\",\"datePublished\":\"2023-05-11T14:48:36+00:00\",\"dateModified\":\"2025-09-02T08:26:45+00:00\",\"breadcrumb\":{\"@id\":\"https:\/\/exkalsa.com\/de\/nachhaltigkeit\/csr-leistung\/#breadcrumb\"},\"inLanguage\":\"de\",\"potentialAction\":[{\"@type\":\"ReadAction\",\"target\":[\"https:\/\/exkalsa.com\/de\/nachhaltigkeit\/csr-leistung\/\"]}]},{\"@type\":\"ImageObject\",\"inLanguage\":\"de\",\"@id\":\"https:\/\/exkalsa.com\/de\/nachhaltigkeit\/csr-leistung\/#primaryimage\",\"url\":\"https:\/\/exkalsa.com\/wp-content\/uploads\/2023\/05\/photo.jpg\",\"contentUrl\":\"https:\/\/exkalsa.com\/wp-content\/uploads\/2023\/05\/photo.jpg\"},{\"@type\":\"BreadcrumbList\",\"@id\":\"https:\/\/exkalsa.com\/de\/nachhaltigkeit\/csr-leistung\/#breadcrumb\",\"itemListElement\":[{\"@type\":\"ListItem\",\"position\":1,\"name\":\"Nachhaltigkeit\",\"item\":\"https:\/\/exkalsa.com\/de\/sostenibilidad\/\"},{\"@type\":\"ListItem\",\"position\":2,\"name\":\"CSR Leistung\"}]},{\"@type\":\"WebSite\",\"@id\":\"https:\/\/exkalsa.com\/de\/#website\",\"url\":\"https:\/\/exkalsa.com\/de\/\",\"name\":\"Exkal\",\"description\":\"\",\"potentialAction\":[{\"@type\":\"SearchAction\",\"target\":{\"@type\":\"EntryPoint\",\"urlTemplate\":\"https:\/\/exkalsa.com\/de\/?s={search_term_string}\"},\"query-input\":{\"@type\":\"PropertyValueSpecification\",\"valueRequired\":true,\"valueName\":\"search_term_string\"}}],\"inLanguage\":\"de\"}]}<\/script>\n<!-- \/ Yoast SEO plugin. -->","yoast_head_json":{"title":"CSR Leistung - Exkal","robots":{"index":"index","follow":"follow","max-snippet":"max-snippet:-1","max-image-preview":"max-image-preview:large","max-video-preview":"max-video-preview:-1"},"canonical":"https:\/\/exkalsa.com\/de\/nachhaltigkeit\/csr-leistung\/","og_locale":"de_DE","og_type":"article","og_title":"CSR Leistung - Exkal","og_description":"Home Sostenibilidad Desempe\u00f1os RSE Leistung CSR Mit der Vorstellung unserer\u00a0Leistung im Bereich der sozialen Verantwortung von Uternehmen (CSR)\u00a0m\u00f6chten wir unsere Arbeitsweise und unser Engagement f\u00fcr ein Gesch\u00e4ftsmodell teilen, das die langfristige Nachhaltigkeit als Richtschnur f\u00fcr unser Handeln festlegt. CSR ist ein wirksames Instrument zur Verbesserung unserer Wettbewerbsf\u00e4higkeit und unseres Managements. Die Daten in diesem Dokument [&hellip;]","og_url":"https:\/\/exkalsa.com\/de\/nachhaltigkeit\/csr-leistung\/","og_site_name":"Exkal","article_modified_time":"2025-09-02T08:26:45+00:00","og_image":[{"width":784,"height":518,"url":"https:\/\/exkalsa.com\/wp-content\/uploads\/2023\/05\/photo.jpg","type":"image\/jpeg"}],"twitter_card":"summary_large_image","twitter_misc":{"Gesch\u00e4tzte Lesezeit":"2\u00a0Minuten"},"schema":{"@context":"https:\/\/schema.org","@graph":[{"@type":"WebPage","@id":"https:\/\/exkalsa.com\/de\/nachhaltigkeit\/csr-leistung\/","url":"https:\/\/exkalsa.com\/de\/nachhaltigkeit\/csr-leistung\/","name":"CSR Leistung - Exkal","isPartOf":{"@id":"https:\/\/exkalsa.com\/de\/#website"},"primaryImageOfPage":{"@id":"https:\/\/exkalsa.com\/de\/nachhaltigkeit\/csr-leistung\/#primaryimage"},"image":{"@id":"https:\/\/exkalsa.com\/de\/nachhaltigkeit\/csr-leistung\/#primaryimage"},"thumbnailUrl":"https:\/\/exkalsa.com\/wp-content\/uploads\/2023\/05\/photo.jpg","datePublished":"2023-05-11T14:48:36+00:00","dateModified":"2025-09-02T08:26:45+00:00","breadcrumb":{"@id":"https:\/\/exkalsa.com\/de\/nachhaltigkeit\/csr-leistung\/#breadcrumb"},"inLanguage":"de","potentialAction":[{"@type":"ReadAction","target":["https:\/\/exkalsa.com\/de\/nachhaltigkeit\/csr-leistung\/"]}]},{"@type":"ImageObject","inLanguage":"de","@id":"https:\/\/exkalsa.com\/de\/nachhaltigkeit\/csr-leistung\/#primaryimage","url":"https:\/\/exkalsa.com\/wp-content\/uploads\/2023\/05\/photo.jpg","contentUrl":"https:\/\/exkalsa.com\/wp-content\/uploads\/2023\/05\/photo.jpg"},{"@type":"BreadcrumbList","@id":"https:\/\/exkalsa.com\/de\/nachhaltigkeit\/csr-leistung\/#breadcrumb","itemListElement":[{"@type":"ListItem","position":1,"name":"Nachhaltigkeit","item":"https:\/\/exkalsa.com\/de\/sostenibilidad\/"},{"@type":"ListItem","position":2,"name":"CSR Leistung"}]},{"@type":"WebSite","@id":"https:\/\/exkalsa.com\/de\/#website","url":"https:\/\/exkalsa.com\/de\/","name":"Exkal","description":"","potentialAction":[{"@type":"SearchAction","target":{"@type":"EntryPoint","urlTemplate":"https:\/\/exkalsa.com\/de\/?s={search_term_string}"},"query-input":{"@type":"PropertyValueSpecification","valueRequired":true,"valueName":"search_term_string"}}],"inLanguage":"de"}]}},"_links":{"self":[{"href":"https:\/\/exkalsa.com\/de\/wp-json\/wp\/v2\/pages\/3646","targetHints":{"allow":["GET"]}}],"collection":[{"href":"https:\/\/exkalsa.com\/de\/wp-json\/wp\/v2\/pages"}],"about":[{"href":"https:\/\/exkalsa.com\/de\/wp-json\/wp\/v2\/types\/page"}],"author":[{"embeddable":true,"href":"https:\/\/exkalsa.com\/de\/wp-json\/wp\/v2\/users\/2"}],"replies":[{"embeddable":true,"href":"https:\/\/exkalsa.com\/de\/wp-json\/wp\/v2\/comments?post=3646"}],"version-history":[{"count":25,"href":"https:\/\/exkalsa.com\/de\/wp-json\/wp\/v2\/pages\/3646\/revisions"}],"predecessor-version":[{"id":12326,"href":"https:\/\/exkalsa.com\/de\/wp-json\/wp\/v2\/pages\/3646\/revisions\/12326"}],"up":[{"embeddable":true,"href":"https:\/\/exkalsa.com\/de\/wp-json\/wp\/v2\/pages\/3637"}],"wp:attachment":[{"href":"https:\/\/exkalsa.com\/de\/wp-json\/wp\/v2\/media?parent=3646"}],"curies":[{"name":"wp","href":"https:\/\/api.w.org\/{rel}","templated":true}]}}