{"id":3629,"date":"2023-04-19T08:05:29","date_gmt":"2023-04-19T08:05:29","guid":{"rendered":"https:\/\/exkalsa.com\/?page_id=3629"},"modified":"2023-05-22T14:40:51","modified_gmt":"2023-05-22T14:40:51","slug":"der-pfad-von-exkal","status":"publish","type":"page","link":"https:\/\/exkalsa.com\/de\/kultur\/der-pfad-von-exkal\/","title":{"rendered":"Der pfad von Exkal"},"content":{"rendered":"\t\t<div data-elementor-type=\"wp-page\" data-elementor-id=\"3629\" class=\"elementor elementor-3629 elementor-2025\" data-elementor-post-type=\"page\">\n\t\t\t\t\t\t<section class=\"elementor-section elementor-top-section elementor-element elementor-element-d77ce82 elementor-section-boxed elementor-section-height-default elementor-section-height-default\" data-id=\"d77ce82\" data-element_type=\"section\" data-e-type=\"section\">\n\t\t\t\t\t\t<div class=\"elementor-container elementor-column-gap-no\">\n\t\t\t\t\t<div class=\"elementor-column elementor-col-100 elementor-top-column elementor-element elementor-element-fbd77be\" data-id=\"fbd77be\" data-element_type=\"column\" data-e-type=\"column\">\n\t\t\t<div class=\"elementor-widget-wrap elementor-element-populated\">\n\t\t\t\t\t\t<div class=\"elementor-element elementor-element-4504ef6 elementor-icon-list--layout-inline migas-widget elementor-list-item-link-full_width elementor-widget elementor-widget-icon-list\" data-id=\"4504ef6\" data-element_type=\"widget\" data-e-type=\"widget\" data-widget_type=\"icon-list.default\">\n\t\t\t\t<div class=\"elementor-widget-container\">\n\t\t\t\t\t\t\t<ul class=\"elementor-icon-list-items elementor-inline-items\">\n\t\t\t\t\t\t\t<li class=\"elementor-icon-list-item elementor-inline-item\">\n\t\t\t\t\t\t\t\t\t\t\t<a href=\"\/de\/\">\n\n\t\t\t\t\t\t\t\t\t\t\t<span class=\"elementor-icon-list-text\">Home<\/span>\n\t\t\t\t\t\t\t\t\t\t\t<\/a>\n\t\t\t\t\t\t\t\t\t<\/li>\n\t\t\t\t\t\t\t\t<li class=\"elementor-icon-list-item elementor-inline-item\">\n\t\t\t\t\t\t\t\t\t\t\t<a href=\"\/de\/kultur\/\">\n\n\t\t\t\t\t\t\t\t\t\t\t<span class=\"elementor-icon-list-text\">Kultur<\/span>\n\t\t\t\t\t\t\t\t\t\t\t<\/a>\n\t\t\t\t\t\t\t\t\t<\/li>\n\t\t\t\t\t\t\t\t<li class=\"elementor-icon-list-item elementor-inline-item\">\n\t\t\t\t\t\t\t\t\t\t\t<a href=\"\/de\/kultur\/der-pfad-von-exkal\/\">\n\n\t\t\t\t\t\t\t\t\t\t\t<span class=\"elementor-icon-list-text\"><span>Der Pfad Von Exkal<\/span><\/span>\n\t\t\t\t\t\t\t\t\t\t\t<\/a>\n\t\t\t\t\t\t\t\t\t<\/li>\n\t\t\t\t\t\t<\/ul>\n\t\t\t\t\t\t<\/div>\n\t\t\t\t<\/div>\n\t\t\t\t\t<\/div>\n\t\t<\/div>\n\t\t\t\t\t<\/div>\n\t\t<\/section>\n\t\t\t\t<section class=\"elementor-section elementor-top-section elementor-element elementor-element-6d060f7 elementor-section-boxed elementor-section-height-default elementor-section-height-default\" data-id=\"6d060f7\" data-element_type=\"section\" data-e-type=\"section\">\n\t\t\t\t\t\t<div class=\"elementor-container elementor-column-gap-default\">\n\t\t\t\t\t<div class=\"elementor-column elementor-col-100 elementor-top-column elementor-element elementor-element-9172831\" data-id=\"9172831\" data-element_type=\"column\" data-e-type=\"column\">\n\t\t\t<div class=\"elementor-widget-wrap elementor-element-populated\">\n\t\t\t\t\t\t<div class=\"elementor-element elementor-element-3c95da3 elementor-invisible elementor-widget elementor-widget-heading\" data-id=\"3c95da3\" data-element_type=\"widget\" data-e-type=\"widget\" data-settings=\"{&quot;_animation&quot;:&quot;slideInRight&quot;}\" data-widget_type=\"heading.default\">\n\t\t\t\t<div class=\"elementor-widget-container\">\n\t\t\t\t\t<h1 class=\"elementor-heading-title elementor-size-default\">Der Pfad<\/h1>\t\t\t\t<\/div>\n\t\t\t\t<\/div>\n\t\t\t\t<div class=\"elementor-element elementor-element-204f344 elementor-invisible elementor-widget elementor-widget-heading\" data-id=\"204f344\" data-element_type=\"widget\" data-e-type=\"widget\" data-settings=\"{&quot;_animation&quot;:&quot;slideInRight&quot;,&quot;_animation_delay&quot;:300}\" data-widget_type=\"heading.default\">\n\t\t\t\t<div class=\"elementor-widget-container\">\n\t\t\t\t\t<h1 class=\"elementor-heading-title elementor-size-default\">Von Exkal<\/h1>\t\t\t\t<\/div>\n\t\t\t\t<\/div>\n\t\t\t\t<div class=\"elementor-element elementor-element-c80bc42 elementor-invisible elementor-widget elementor-widget-image\" data-id=\"c80bc42\" data-element_type=\"widget\" data-e-type=\"widget\" data-settings=\"{&quot;motion_fx_motion_fx_scrolling&quot;:&quot;yes&quot;,&quot;_animation&quot;:&quot;slideInUp&quot;,&quot;motion_fx_translateY_speed&quot;:{&quot;unit&quot;:&quot;px&quot;,&quot;size&quot;:1,&quot;sizes&quot;:[]},&quot;motion_fx_translateY_effect&quot;:&quot;yes&quot;,&quot;motion_fx_translateY_direction&quot;:&quot;negative&quot;,&quot;motion_fx_translateY_affectedRange&quot;:{&quot;unit&quot;:&quot;%&quot;,&quot;size&quot;:&quot;&quot;,&quot;sizes&quot;:{&quot;start&quot;:0,&quot;end&quot;:100}},&quot;motion_fx_devices&quot;:[&quot;desktop&quot;,&quot;tablet&quot;,&quot;mobile&quot;]}\" data-widget_type=\"image.default\">\n\t\t\t\t<div class=\"elementor-widget-container\">\n\t\t\t\t\t\t\t\t\t\t\t\t\t\t\t<img fetchpriority=\"high\" decoding=\"async\" width=\"800\" height=\"481\" src=\"https:\/\/exkalsa.com\/wp-content\/uploads\/2023\/04\/cultura-la-senda-de-exkal.jpg\" class=\"attachment-large size-large wp-image-1472\" alt=\"Cultura: La senda de Exkal\" srcset=\"https:\/\/exkalsa.com\/wp-content\/uploads\/2023\/04\/cultura-la-senda-de-exkal.jpg 846w, https:\/\/exkalsa.com\/wp-content\/uploads\/2023\/04\/cultura-la-senda-de-exkal-300x180.jpg 300w, https:\/\/exkalsa.com\/wp-content\/uploads\/2023\/04\/cultura-la-senda-de-exkal-768x462.jpg 768w\" sizes=\"(max-width: 800px) 100vw, 800px\" \/>\t\t\t\t\t\t\t\t\t\t\t\t\t\t\t<\/div>\n\t\t\t\t<\/div>\n\t\t\t\t<div class=\"elementor-element elementor-element-8dc6812 elementor-absolute elementor-widget elementor-widget-image\" data-id=\"8dc6812\" data-element_type=\"widget\" data-e-type=\"widget\" data-settings=\"{&quot;_position&quot;:&quot;absolute&quot;}\" data-widget_type=\"image.default\">\n\t\t\t\t<div class=\"elementor-widget-container\">\n\t\t\t\t\t\t\t\t\t\t\t\t\t\t\t<img decoding=\"async\" width=\"565\" height=\"171\" src=\"https:\/\/exkalsa.com\/wp-content\/uploads\/2023\/04\/rect-2.png\" class=\"attachment-large size-large wp-image-1481\" alt=\"\" srcset=\"https:\/\/exkalsa.com\/wp-content\/uploads\/2023\/04\/rect-2.png 565w, https:\/\/exkalsa.com\/wp-content\/uploads\/2023\/04\/rect-2-300x91.png 300w\" sizes=\"(max-width: 565px) 100vw, 565px\" \/>\t\t\t\t\t\t\t\t\t\t\t\t\t\t\t<\/div>\n\t\t\t\t<\/div>\n\t\t\t\t\t<\/div>\n\t\t<\/div>\n\t\t\t\t\t<\/div>\n\t\t<\/section>\n\t\t\t\t<section class=\"elementor-section elementor-top-section elementor-element elementor-element-f9d9cb2 elementor-section-boxed elementor-section-height-default elementor-section-height-default\" data-id=\"f9d9cb2\" data-element_type=\"section\" data-e-type=\"section\">\n\t\t\t\t\t\t<div class=\"elementor-container elementor-column-gap-default\">\n\t\t\t\t\t<div class=\"elementor-column elementor-col-100 elementor-top-column elementor-element elementor-element-cd3d205\" data-id=\"cd3d205\" data-element_type=\"column\" data-e-type=\"column\">\n\t\t\t<div class=\"elementor-widget-wrap elementor-element-populated\">\n\t\t\t\t\t\t<div class=\"elementor-element elementor-element-3a05f2c elementor-widget elementor-widget-text-editor\" data-id=\"3a05f2c\" data-element_type=\"widget\" data-e-type=\"widget\" data-widget_type=\"text-editor.default\">\n\t\t\t\t<div class=\"elementor-widget-container\">\n\t\t\t\t\t\t\t\t\t<p><strong>Exkal<\/strong>\u00a0ist ein unabh\u00e4ngiges Familienunternehmen mit gro\u00dfem Entwicklungs- und Wachstumswille, dessen Management von den Familienangeh\u00f6rigen ausge\u00fcbt wird und dessen strategischen Ziel die globale Kontinuit\u00e4t und Nachhaltigkeit unseres Planeten verfolgt.<\/p>\t\t\t\t\t\t\t\t<\/div>\n\t\t\t\t<\/div>\n\t\t\t\t<div class=\"elementor-element elementor-element-ca9ab25 elementor-widget elementor-widget-text-editor\" data-id=\"ca9ab25\" data-element_type=\"widget\" data-e-type=\"widget\" data-widget_type=\"text-editor.default\">\n\t\t\t\t<div class=\"elementor-widget-container\">\n\t\t\t\t\t\t\t\t\t<p>Unsere Unternehmenskultur harmoniert mit unserer Unternehmensstrategie. Diese umfasst unsere Mission, unsere Vision und unsere Arbeitsweise. Dieses Faktorenb\u00fcndel ist das Fundament unseres Unternehmens; ein verantwortungsbewusstes Unternehmen.<\/p>\t\t\t\t\t\t\t\t<\/div>\n\t\t\t\t<\/div>\n\t\t\t\t<div class=\"elementor-element elementor-element-d7088ad elementor-widget elementor-widget-text-editor\" data-id=\"d7088ad\" data-element_type=\"widget\" data-e-type=\"widget\" data-widget_type=\"text-editor.default\">\n\t\t\t\t<div class=\"elementor-widget-container\">\n\t\t\t\t\t\t\t\t\t<p>In diesem Video erkl\u00e4ren wir es Ihnen besser. Wenn Sie mehr \u00fcber uns erfahren m\u00f6chten,\u00a0\u00a0<strong><a href=\"https:\/\/www.exkalsa.com\/wp-content\/uploads\/2020\/02\/LasendaExkal.pdf\" target=\"_blank\" rel=\"noopener\">laden Sie dieses Dokument herunter<\/a><\/strong>.<\/p>\t\t\t\t\t\t\t\t<\/div>\n\t\t\t\t<\/div>\n\t\t\t\t\t<\/div>\n\t\t<\/div>\n\t\t\t\t\t<\/div>\n\t\t<\/section>\n\t\t\t\t<section class=\"elementor-section elementor-top-section elementor-element elementor-element-7e3b36b elementor-section-boxed elementor-section-height-default elementor-section-height-default\" data-id=\"7e3b36b\" data-element_type=\"section\" data-e-type=\"section\">\n\t\t\t\t\t\t<div class=\"elementor-container elementor-column-gap-custom\">\n\t\t\t\t\t<div class=\"elementor-column elementor-col-100 elementor-top-column elementor-element elementor-element-16d8514\" data-id=\"16d8514\" data-element_type=\"column\" data-e-type=\"column\">\n\t\t\t<div class=\"elementor-widget-wrap elementor-element-populated\">\n\t\t\t\t\t\t<div class=\"elementor-element elementor-element-db6ddd5 elementor-widget elementor-widget-video\" data-id=\"db6ddd5\" data-element_type=\"widget\" data-e-type=\"widget\" data-settings=\"{&quot;video_type&quot;:&quot;vimeo&quot;}\" data-widget_type=\"video.default\">\n\t\t\t\t<div class=\"elementor-widget-container\">\n\t\t\t\t\t\t\t<div class=\"elementor-wrapper elementor-open-inline\">\n\t\t\t<iframe class=\"elementor-video-iframe\" allowfullscreen allow=\"clipboard-write\" title=\"vimeo Video Player\" src=\"https:\/\/player.vimeo.com\/video\/390530401?color&amp;autopause=0&amp;loop=0&amp;muted=0&amp;title=1&amp;portrait=1&amp;byline=1#t=\"><\/iframe>\t\t<\/div>\n\t\t\t\t\t\t<\/div>\n\t\t\t\t<\/div>\n\t\t\t\t\t<\/div>\n\t\t<\/div>\n\t\t\t\t\t<\/div>\n\t\t<\/section>\n\t\t\t\t<section class=\"elementor-section elementor-top-section elementor-element elementor-element-c8ab63e elementor-section-boxed elementor-section-height-default elementor-section-height-default\" data-id=\"c8ab63e\" data-element_type=\"section\" data-e-type=\"section\" data-settings=\"{&quot;background_background&quot;:&quot;classic&quot;}\">\n\t\t\t\t\t\t<div class=\"elementor-container elementor-column-gap-default\">\n\t\t\t\t\t<div class=\"elementor-column elementor-col-100 elementor-top-column elementor-element elementor-element-038d58a\" data-id=\"038d58a\" data-element_type=\"column\" data-e-type=\"column\">\n\t\t\t<div class=\"elementor-widget-wrap elementor-element-populated\">\n\t\t\t\t\t\t<div class=\"elementor-element elementor-element-80c41a9 elementor-widget__width-auto elementor-widget elementor-widget-image\" data-id=\"80c41a9\" data-element_type=\"widget\" data-e-type=\"widget\" data-widget_type=\"image.default\">\n\t\t\t\t<div class=\"elementor-widget-container\">\n\t\t\t\t\t\t\t\t\t\t\t\t\t\t\t\t<a href=\"http:\/\/www.certicold.fr\/\">\n\t\t\t\t\t\t\t<img decoding=\"async\" width=\"177\" height=\"71\" src=\"https:\/\/exkalsa.com\/wp-content\/uploads\/2023\/03\/certicold.png\" class=\"attachment-large size-large wp-image-882\" alt=\"\" \/>\t\t\t\t\t\t\t\t<\/a>\n\t\t\t\t\t\t\t\t\t\t\t\t\t\t\t<\/div>\n\t\t\t\t<\/div>\n\t\t\t\t<div class=\"elementor-element elementor-element-b75c986 elementor-widget__width-auto elementor-widget elementor-widget-image\" data-id=\"b75c986\" data-element_type=\"widget\" data-e-type=\"widget\" data-widget_type=\"image.default\">\n\t\t\t\t<div class=\"elementor-widget-container\">\n\t\t\t\t\t\t\t\t\t\t\t\t\t\t\t\t<a href=\"https:\/\/www.aenor.com\/\">\n\t\t\t\t\t\t\t<img loading=\"lazy\" decoding=\"async\" width=\"366\" height=\"72\" src=\"https:\/\/exkalsa.com\/wp-content\/uploads\/2023\/03\/aenor.png\" class=\"attachment-large size-large wp-image-878\" alt=\"\" srcset=\"https:\/\/exkalsa.com\/wp-content\/uploads\/2023\/03\/aenor.png 366w, https:\/\/exkalsa.com\/wp-content\/uploads\/2023\/03\/aenor-300x59.png 300w\" sizes=\"(max-width: 366px) 100vw, 366px\" \/>\t\t\t\t\t\t\t\t<\/a>\n\t\t\t\t\t\t\t\t\t\t\t\t\t\t\t<\/div>\n\t\t\t\t<\/div>\n\t\t\t\t<div class=\"elementor-element elementor-element-3d75921 elementor-widget__width-auto elementor-widget elementor-widget-image\" data-id=\"3d75921\" data-element_type=\"widget\" data-e-type=\"widget\" data-widget_type=\"image.default\">\n\t\t\t\t<div class=\"elementor-widget-container\">\n\t\t\t\t\t\t\t\t\t\t\t\t\t\t\t<img loading=\"lazy\" decoding=\"async\" width=\"205\" height=\"61\" src=\"https:\/\/exkalsa.com\/wp-content\/uploads\/2023\/03\/eureka.png\" class=\"attachment-large size-large wp-image-874\" alt=\"\" \/>\t\t\t\t\t\t\t\t\t\t\t\t\t\t\t<\/div>\n\t\t\t\t<\/div>\n\t\t\t\t<div class=\"elementor-element elementor-element-b6aab47 elementor-widget__width-auto elementor-widget elementor-widget-image\" data-id=\"b6aab47\" data-element_type=\"widget\" data-e-type=\"widget\" data-widget_type=\"image.default\">\n\t\t\t\t<div class=\"elementor-widget-container\">\n\t\t\t\t\t\t\t\t\t\t\t\t\t\t\t<img loading=\"lazy\" decoding=\"async\" width=\"239\" height=\"63\" src=\"https:\/\/exkalsa.com\/wp-content\/uploads\/2023\/03\/erovent.png\" class=\"attachment-large size-large wp-image-870\" alt=\"\" \/>\t\t\t\t\t\t\t\t\t\t\t\t\t\t\t<\/div>\n\t\t\t\t<\/div>\n\t\t\t\t<div class=\"elementor-element elementor-element-c9ae2e8 elementor-widget__width-auto elementor-widget elementor-widget-image\" data-id=\"c9ae2e8\" data-element_type=\"widget\" data-e-type=\"widget\" data-widget_type=\"image.default\">\n\t\t\t\t<div class=\"elementor-widget-container\">\n\t\t\t\t\t\t\t\t\t\t\t\t\t\t\t<img loading=\"lazy\" decoding=\"async\" width=\"88\" height=\"42\" src=\"https:\/\/exkalsa.com\/wp-content\/uploads\/2023\/03\/objetivo-rec.png\" class=\"attachment-large size-large wp-image-862\" alt=\"\" \/>\t\t\t\t\t\t\t\t\t\t\t\t\t\t\t<\/div>\n\t\t\t\t<\/div>\n\t\t\t\t\t<\/div>\n\t\t<\/div>\n\t\t\t\t\t<\/div>\n\t\t<\/section>\n\t\t\t\t<\/div>\n\t\t","protected":false},"excerpt":{"rendered":"<p>Home Kultur Der Pfad Von Exkal Der Pfad Von Exkal Exkal\u00a0ist ein unabh\u00e4ngiges Familienunternehmen mit gro\u00dfem Entwicklungs- und Wachstumswille, dessen Management von den Familienangeh\u00f6rigen ausge\u00fcbt wird und dessen strategischen Ziel die globale Kontinuit\u00e4t und Nachhaltigkeit unseres Planeten verfolgt. Unsere Unternehmenskultur harmoniert mit unserer Unternehmensstrategie. Diese umfasst unsere Mission, unsere Vision und unsere Arbeitsweise. Dieses Faktorenb\u00fcndel [&hellip;]<\/p>\n","protected":false},"author":2,"featured_media":0,"parent":3627,"menu_order":0,"comment_status":"closed","ping_status":"closed","template":"elementor_header_footer","meta":{"footnotes":""},"class_list":["post-3629","page","type-page","status-publish","hentry"],"yoast_head":"<!-- This site is optimized with the Yoast SEO plugin v27.1.1 - https:\/\/yoast.com\/product\/yoast-seo-wordpress\/ -->\n<title>Der pfad von Exkal - Exkal<\/title>\n<meta name=\"robots\" content=\"index, follow, max-snippet:-1, max-image-preview:large, max-video-preview:-1\" \/>\n<link rel=\"canonical\" href=\"https:\/\/exkalsa.com\/de\/kultur\/der-pfad-von-exkal\/\" \/>\n<meta property=\"og:locale\" content=\"de_DE\" \/>\n<meta property=\"og:type\" content=\"article\" \/>\n<meta property=\"og:title\" content=\"Der pfad von Exkal - Exkal\" \/>\n<meta property=\"og:description\" content=\"Home Kultur Der Pfad Von Exkal Der Pfad Von Exkal Exkal\u00a0ist ein unabh\u00e4ngiges Familienunternehmen mit gro\u00dfem Entwicklungs- und Wachstumswille, dessen Management von den Familienangeh\u00f6rigen ausge\u00fcbt wird und dessen strategischen Ziel die globale Kontinuit\u00e4t und Nachhaltigkeit unseres Planeten verfolgt. Unsere Unternehmenskultur harmoniert mit unserer Unternehmensstrategie. Diese umfasst unsere Mission, unsere Vision und unsere Arbeitsweise. Dieses Faktorenb\u00fcndel [&hellip;]\" \/>\n<meta property=\"og:url\" content=\"https:\/\/exkalsa.com\/de\/kultur\/der-pfad-von-exkal\/\" \/>\n<meta property=\"og:site_name\" content=\"Exkal\" \/>\n<meta property=\"article:modified_time\" content=\"2023-05-22T14:40:51+00:00\" \/>\n<meta property=\"og:image\" content=\"https:\/\/exkalsa.com\/wp-content\/uploads\/2023\/04\/cultura-la-senda-de-exkal.jpg\" \/>\n<meta name=\"twitter:card\" content=\"summary_large_image\" \/>\n<meta name=\"twitter:label1\" content=\"Gesch\u00e4tzte Lesezeit\" \/>\n\t<meta name=\"twitter:data1\" content=\"2\u00a0Minuten\" \/>\n<script type=\"application\/ld+json\" class=\"yoast-schema-graph\">{\"@context\":\"https:\/\/schema.org\",\"@graph\":[{\"@type\":\"WebPage\",\"@id\":\"https:\/\/exkalsa.com\/de\/kultur\/der-pfad-von-exkal\/\",\"url\":\"https:\/\/exkalsa.com\/de\/kultur\/der-pfad-von-exkal\/\",\"name\":\"Der pfad von Exkal - Exkal\",\"isPartOf\":{\"@id\":\"https:\/\/exkalsa.com\/de\/#website\"},\"primaryImageOfPage\":{\"@id\":\"https:\/\/exkalsa.com\/de\/kultur\/der-pfad-von-exkal\/#primaryimage\"},\"image\":{\"@id\":\"https:\/\/exkalsa.com\/de\/kultur\/der-pfad-von-exkal\/#primaryimage\"},\"thumbnailUrl\":\"https:\/\/exkalsa.com\/wp-content\/uploads\/2023\/04\/cultura-la-senda-de-exkal.jpg\",\"datePublished\":\"2023-04-19T08:05:29+00:00\",\"dateModified\":\"2023-05-22T14:40:51+00:00\",\"breadcrumb\":{\"@id\":\"https:\/\/exkalsa.com\/de\/kultur\/der-pfad-von-exkal\/#breadcrumb\"},\"inLanguage\":\"de\",\"potentialAction\":[{\"@type\":\"ReadAction\",\"target\":[\"https:\/\/exkalsa.com\/de\/kultur\/der-pfad-von-exkal\/\"]}]},{\"@type\":\"ImageObject\",\"inLanguage\":\"de\",\"@id\":\"https:\/\/exkalsa.com\/de\/kultur\/der-pfad-von-exkal\/#primaryimage\",\"url\":\"https:\/\/exkalsa.com\/wp-content\/uploads\/2023\/04\/cultura-la-senda-de-exkal.jpg\",\"contentUrl\":\"https:\/\/exkalsa.com\/wp-content\/uploads\/2023\/04\/cultura-la-senda-de-exkal.jpg\"},{\"@type\":\"BreadcrumbList\",\"@id\":\"https:\/\/exkalsa.com\/de\/kultur\/der-pfad-von-exkal\/#breadcrumb\",\"itemListElement\":[{\"@type\":\"ListItem\",\"position\":1,\"name\":\"Kultur\",\"item\":\"https:\/\/exkalsa.com\/de\/cultura\/\"},{\"@type\":\"ListItem\",\"position\":2,\"name\":\"Der pfad von Exkal\"}]},{\"@type\":\"WebSite\",\"@id\":\"https:\/\/exkalsa.com\/de\/#website\",\"url\":\"https:\/\/exkalsa.com\/de\/\",\"name\":\"Exkal\",\"description\":\"\",\"potentialAction\":[{\"@type\":\"SearchAction\",\"target\":{\"@type\":\"EntryPoint\",\"urlTemplate\":\"https:\/\/exkalsa.com\/de\/?s={search_term_string}\"},\"query-input\":{\"@type\":\"PropertyValueSpecification\",\"valueRequired\":true,\"valueName\":\"search_term_string\"}}],\"inLanguage\":\"de\"}]}<\/script>\n<!-- \/ Yoast SEO plugin. -->","yoast_head_json":{"title":"Der pfad von Exkal - Exkal","robots":{"index":"index","follow":"follow","max-snippet":"max-snippet:-1","max-image-preview":"max-image-preview:large","max-video-preview":"max-video-preview:-1"},"canonical":"https:\/\/exkalsa.com\/de\/kultur\/der-pfad-von-exkal\/","og_locale":"de_DE","og_type":"article","og_title":"Der pfad von Exkal - Exkal","og_description":"Home Kultur Der Pfad Von Exkal Der Pfad Von Exkal Exkal\u00a0ist ein unabh\u00e4ngiges Familienunternehmen mit gro\u00dfem Entwicklungs- und Wachstumswille, dessen Management von den Familienangeh\u00f6rigen ausge\u00fcbt wird und dessen strategischen Ziel die globale Kontinuit\u00e4t und Nachhaltigkeit unseres Planeten verfolgt. Unsere Unternehmenskultur harmoniert mit unserer Unternehmensstrategie. Diese umfasst unsere Mission, unsere Vision und unsere Arbeitsweise. Dieses Faktorenb\u00fcndel [&hellip;]","og_url":"https:\/\/exkalsa.com\/de\/kultur\/der-pfad-von-exkal\/","og_site_name":"Exkal","article_modified_time":"2023-05-22T14:40:51+00:00","og_image":[{"url":"https:\/\/exkalsa.com\/wp-content\/uploads\/2023\/04\/cultura-la-senda-de-exkal.jpg","type":"","width":"","height":""}],"twitter_card":"summary_large_image","twitter_misc":{"Gesch\u00e4tzte Lesezeit":"2\u00a0Minuten"},"schema":{"@context":"https:\/\/schema.org","@graph":[{"@type":"WebPage","@id":"https:\/\/exkalsa.com\/de\/kultur\/der-pfad-von-exkal\/","url":"https:\/\/exkalsa.com\/de\/kultur\/der-pfad-von-exkal\/","name":"Der pfad von Exkal - Exkal","isPartOf":{"@id":"https:\/\/exkalsa.com\/de\/#website"},"primaryImageOfPage":{"@id":"https:\/\/exkalsa.com\/de\/kultur\/der-pfad-von-exkal\/#primaryimage"},"image":{"@id":"https:\/\/exkalsa.com\/de\/kultur\/der-pfad-von-exkal\/#primaryimage"},"thumbnailUrl":"https:\/\/exkalsa.com\/wp-content\/uploads\/2023\/04\/cultura-la-senda-de-exkal.jpg","datePublished":"2023-04-19T08:05:29+00:00","dateModified":"2023-05-22T14:40:51+00:00","breadcrumb":{"@id":"https:\/\/exkalsa.com\/de\/kultur\/der-pfad-von-exkal\/#breadcrumb"},"inLanguage":"de","potentialAction":[{"@type":"ReadAction","target":["https:\/\/exkalsa.com\/de\/kultur\/der-pfad-von-exkal\/"]}]},{"@type":"ImageObject","inLanguage":"de","@id":"https:\/\/exkalsa.com\/de\/kultur\/der-pfad-von-exkal\/#primaryimage","url":"https:\/\/exkalsa.com\/wp-content\/uploads\/2023\/04\/cultura-la-senda-de-exkal.jpg","contentUrl":"https:\/\/exkalsa.com\/wp-content\/uploads\/2023\/04\/cultura-la-senda-de-exkal.jpg"},{"@type":"BreadcrumbList","@id":"https:\/\/exkalsa.com\/de\/kultur\/der-pfad-von-exkal\/#breadcrumb","itemListElement":[{"@type":"ListItem","position":1,"name":"Kultur","item":"https:\/\/exkalsa.com\/de\/cultura\/"},{"@type":"ListItem","position":2,"name":"Der pfad von Exkal"}]},{"@type":"WebSite","@id":"https:\/\/exkalsa.com\/de\/#website","url":"https:\/\/exkalsa.com\/de\/","name":"Exkal","description":"","potentialAction":[{"@type":"SearchAction","target":{"@type":"EntryPoint","urlTemplate":"https:\/\/exkalsa.com\/de\/?s={search_term_string}"},"query-input":{"@type":"PropertyValueSpecification","valueRequired":true,"valueName":"search_term_string"}}],"inLanguage":"de"}]}},"_links":{"self":[{"href":"https:\/\/exkalsa.com\/de\/wp-json\/wp\/v2\/pages\/3629","targetHints":{"allow":["GET"]}}],"collection":[{"href":"https:\/\/exkalsa.com\/de\/wp-json\/wp\/v2\/pages"}],"about":[{"href":"https:\/\/exkalsa.com\/de\/wp-json\/wp\/v2\/types\/page"}],"author":[{"embeddable":true,"href":"https:\/\/exkalsa.com\/de\/wp-json\/wp\/v2\/users\/2"}],"replies":[{"embeddable":true,"href":"https:\/\/exkalsa.com\/de\/wp-json\/wp\/v2\/comments?post=3629"}],"version-history":[{"count":7,"href":"https:\/\/exkalsa.com\/de\/wp-json\/wp\/v2\/pages\/3629\/revisions"}],"predecessor-version":[{"id":4810,"href":"https:\/\/exkalsa.com\/de\/wp-json\/wp\/v2\/pages\/3629\/revisions\/4810"}],"up":[{"embeddable":true,"href":"https:\/\/exkalsa.com\/de\/wp-json\/wp\/v2\/pages\/3627"}],"wp:attachment":[{"href":"https:\/\/exkalsa.com\/de\/wp-json\/wp\/v2\/media?parent=3629"}],"curies":[{"name":"wp","href":"https:\/\/api.w.org\/{rel}","templated":true}]}}